{"id":16,"date":"2025-03-06T17:21:40","date_gmt":"2025-03-06T17:21:40","guid":{"rendered":"https:\/\/musiqimektebi.az\/?page_id=16"},"modified":"2025-04-08T09:05:30","modified_gmt":"2025-04-08T09:05:30","slug":"main-page","status":"publish","type":"page","link":"https:\/\/musiqimektebi.az\/ru","title":{"rendered":"\u0414\u043e\u043c\u0430\u0448\u043d\u044f\u044f \u0441\u0442\u0440\u0430\u043d\u0438\u0446\u0430"},"content":{"rendered":"<div data-elementor-type=\"wp-page\" data-elementor-id=\"16\" class=\"elementor elementor-16\" data-elementor-post-type=\"page\">\n\t\t\t\t<div class=\"elementor-element elementor-element-bd8882c elementor-hidden-mobile e-flex e-con-boxed e-con e-parent\" data-id=\"bd8882c\" data-element_type=\"container\" data-settings=\"{&quot;background_background&quot;:&quot;video&quot;,&quot;background_video_link&quot;:&quot;https:\\\/\\\/musiqimektebi.az\\\/wp-content\\\/uploads\\\/2025\\\/03\\\/DClXTFSoTJi.mp4&quot;,&quot;background_play_on_mobile&quot;:&quot;yes&quot;}\">\n\t\t\t\t\t<div class=\"e-con-inner\">\n\t\t<div class=\"elementor-background-video-container\">\n\t\t\t\t\t\t\t<video class=\"elementor-background-video-hosted\" autoplay muted playsinline loop><\/video>\n\t\t\t\t\t<\/div><div class=\"elementor-element elementor-element-3fdd6da e-con-full e-flex e-con e-child\" data-id=\"3fdd6da\" data-element_type=\"container\">\n\t\t<div class=\"elementor-element elementor-element-c0cb008 e-con-full e-flex e-con e-child\" data-id=\"c0cb008\" data-element_type=\"container\">\n\t\t\t\t<div class=\"elementor-element elementor-element-7a50d93 elementor-widget elementor-widget-theme-site-title elementor-widget-heading\" data-id=\"7a50d93\" data-element_type=\"widget\" data-widget_type=\"theme-site-title.default\">\n\t\t\t\t<div class=\"elementor-widget-container\">\n\t\t\t\t\t<h1 class=\"elementor-heading-title elementor-size-default\"><a href=\"https:\/\/musiqimektebi.az\/ru\">\u0412\u043e\u043a\u0430\u043b\u044c\u043d\u0430\u044f \u043c\u0443\u0437\u044b\u043a\u0430\u043b\u044c\u043d\u0430\u044f \u0448\u043a\u043e\u043b\u0430 \u0424\u0438\u0434\u0430\u043d \u0413\u0430\u0434\u0436\u0438\u0435\u0432\u043e\u0439<\/a><\/h1>\t\t\t\t<\/div>\n\t\t\t\t<\/div>\n\t\t\t\t<div class=\"elementor-element elementor-element-e0c21a3 elementor-invisible elementor-widget elementor-widget-heading\" data-id=\"e0c21a3\" data-element_type=\"widget\" data-settings=\"{&quot;_animation&quot;:&quot;fadeInDown&quot;}\" data-widget_type=\"heading.default\">\n\t\t\t\t<div class=\"elementor-widget-container\">\n\t\t\t\t\t<h1 class=\"elementor-heading-title elementor-size-default\">\u041f\u0443\u0442\u044c \u043a \u0438\u0441\u043a\u0443\u0441\u0441\u0442\u0432\u0443 \u043d\u0430\u0447\u0438\u043d\u0430\u0435\u0442\u0441\u044f \u0437\u0434\u0435\u0441\u044c.<\/h1>\t\t\t\t<\/div>\n\t\t\t\t<\/div>\n\t\t\t\t<div class=\"elementor-element elementor-element-e411ac6 elementor-nav-menu__align-start elementor-nav-menu--dropdown-none elementor-hidden-mobile elementor-widget elementor-widget-nav-menu\" data-id=\"e411ac6\" data-element_type=\"widget\" data-settings=\"{&quot;layout&quot;:&quot;horizontal&quot;,&quot;submenu_icon&quot;:{&quot;value&quot;:&quot;&lt;svg class=\\&quot;e-font-icon-svg e-fas-caret-down\\&quot; viewBox=\\&quot;0 0 320 512\\&quot; xmlns=\\&quot;http:\\\/\\\/www.w3.org\\\/2000\\\/svg\\&quot;&gt;&lt;path d=\\&quot;M31.3 192h257.3c17.8 0 26.7 21.5 14.1 34.1L174.1 354.8c-7.8 7.8-20.5 7.8-28.3 0L17.2 226.1C4.6 213.5 13.5 192 31.3 192z\\&quot;&gt;&lt;\\\/path&gt;&lt;\\\/svg&gt;&quot;,&quot;library&quot;:&quot;fa-solid&quot;}}\" data-widget_type=\"nav-menu.default\">\n\t\t\t\t<div class=\"elementor-widget-container\">\n\t\t\t\t\t\t\t\t<nav aria-label=\"\u041c\u0435\u043d\u044e\" class=\"elementor-nav-menu--main elementor-nav-menu__container elementor-nav-menu--layout-horizontal e--pointer-background e--animation-fade\">\n\t\t\t\t<ul id=\"menu-1-e411ac6\" class=\"elementor-nav-menu\"><li class=\"menu-item menu-item-type-custom menu-item-object-custom menu-item-28\"><a href=\"\/ru\/%d0%bc%d1%83%d0%b7%d1%8b%d0%ba%d0%b0-m%c9%99kt%c9%99bi\/\" class=\"elementor-item\">\u041c\u0443\u0437\u044b\u043a\u0430\u043b\u044c\u043d\u0430\u044f \u0448\u043a\u043e\u043b\u0430<\/a><\/li>\n<li class=\"menu-item menu-item-type-custom menu-item-object-custom menu-item-29\"><a href=\"\/ru\/%d0%ba%d0%be%d0%bd%d1%86%d0%b5%d1%80%d1%82%d0%bd%d1%8b%d0%b9-%d0%b7%d0%b0%d0%bb\/\" class=\"elementor-item\">\u041a\u043e\u043d\u0446\u0435\u0440\u0442\u043d\u044b\u0439 \u0437\u0430\u043b<\/a><\/li>\n<li class=\"menu-item menu-item-type-custom menu-item-object-custom menu-item-30\"><a href=\"\/ru\/s%c9%99%d1%81%d1%82%d1%83%d0%b4%d0%b8%d1%8f-%d0%b7%d0%b2%d1%83%d0%ba%d0%be%d0%b7%d0%b0%d0%bf%d0%b8%d1%81%d0%b8\/\" class=\"elementor-item\">\u0421\u0442\u0443\u0434\u0438\u044f \u0437\u0432\u0443\u043a\u043e\u0437\u0430\u043f\u0438\u0441\u0438<\/a><\/li>\n<li class=\"menu-item menu-item-type-post_type menu-item-object-page menu-item-333\"><a href=\"https:\/\/musiqimektebi.az\/ru\/t%c9%99dbirl%c9%99r-v%c9%99-billel%c9%99r\/\" class=\"elementor-item\">\u041c\u0435\u0440\u043e\u043f\u0440\u0438\u044f\u0442\u0438\u044f \u0438 \u0431\u0438\u043b\u0435\u0442\u044b<\/a><\/li>\n<\/ul>\t\t\t<\/nav>\n\t\t\t\t\t\t<nav class=\"elementor-nav-menu--dropdown elementor-nav-menu__container\" aria-hidden=\"true\">\n\t\t\t\t<ul id=\"menu-2-e411ac6\" class=\"elementor-nav-menu\"><li class=\"menu-item menu-item-type-custom menu-item-object-custom menu-item-28\"><a href=\"\/ru\/%d0%bc%d1%83%d0%b7%d1%8b%d0%ba%d0%b0-m%c9%99kt%c9%99bi\/\" class=\"elementor-item\" tabindex=\"-1\">\u041c\u0443\u0437\u044b\u043a\u0430\u043b\u044c\u043d\u0430\u044f \u0448\u043a\u043e\u043b\u0430<\/a><\/li>\n<li class=\"menu-item menu-item-type-custom menu-item-object-custom menu-item-29\"><a href=\"\/ru\/%d0%ba%d0%be%d0%bd%d1%86%d0%b5%d1%80%d1%82%d0%bd%d1%8b%d0%b9-%d0%b7%d0%b0%d0%bb\/\" class=\"elementor-item\" tabindex=\"-1\">\u041a\u043e\u043d\u0446\u0435\u0440\u0442\u043d\u044b\u0439 \u0437\u0430\u043b<\/a><\/li>\n<li class=\"menu-item menu-item-type-custom menu-item-object-custom menu-item-30\"><a href=\"\/ru\/s%c9%99%d1%81%d1%82%d1%83%d0%b4%d0%b8%d1%8f-%d0%b7%d0%b2%d1%83%d0%ba%d0%be%d0%b7%d0%b0%d0%bf%d0%b8%d1%81%d0%b8\/\" class=\"elementor-item\" tabindex=\"-1\">\u0421\u0442\u0443\u0434\u0438\u044f \u0437\u0432\u0443\u043a\u043e\u0437\u0430\u043f\u0438\u0441\u0438<\/a><\/li>\n<li class=\"menu-item menu-item-type-post_type menu-item-object-page menu-item-333\"><a href=\"https:\/\/musiqimektebi.az\/ru\/t%c9%99dbirl%c9%99r-v%c9%99-billel%c9%99r\/\" class=\"elementor-item\" tabindex=\"-1\">\u041c\u0435\u0440\u043e\u043f\u0440\u0438\u044f\u0442\u0438\u044f \u0438 \u0431\u0438\u043b\u0435\u0442\u044b<\/a><\/li>\n<\/ul>\t\t\t<\/nav>\n\t\t\t\t\t\t<\/div>\n\t\t\t\t<\/div>\n\t\t\t\t<div class=\"elementor-element elementor-element-c25a647 elementor-invisible elementor-widget elementor-widget-heading\" data-id=\"c25a647\" data-element_type=\"widget\" data-settings=\"{&quot;_animation&quot;:&quot;fadeInDown&quot;}\" data-widget_type=\"heading.default\">\n\t\t\t\t<div class=\"elementor-widget-container\">\n\t\t\t\t\t<p class=\"elementor-heading-title elementor-size-default\">\u0412\u0442\u043e\u0440\u043e\u0439 \u041c\u0435\u0436\u0434\u0443\u043d\u0430\u0440\u043e\u0434\u043d\u044b\u0439 \u043e\u043f\u0435\u0440\u043d\u044b\u0439 \u0444\u0435\u0441\u0442\u0438\u0432\u0430\u043b\u044c \u0438\u043c\u0435\u043d\u0438 \u0424\u0438\u0434\u0430\u043d \u0413\u0430\u0434\u0436\u0438\u0435\u0432\u043e\u0439 \u043f\u0440\u043e\u0439\u0434\u0435\u0442 \u0432 \u0410\u0437\u0435\u0440\u0431\u0430\u0439\u0434\u0436\u0430\u043d\u0435 \u0441 23 \u043f\u043e 29 \u0430\u043f\u0440\u0435\u043b\u044f 2025 \u0433\u043e\u0434\u0430.<\/p>\t\t\t\t<\/div>\n\t\t\t\t<\/div>\n\t\t\t\t<div class=\"elementor-element elementor-element-14ccd3a elementor-widget elementor-widget-button\" data-id=\"14ccd3a\" data-element_type=\"widget\" data-widget_type=\"button.default\">\n\t\t\t\t<div class=\"elementor-widget-container\">\n\t\t\t\t\t\t\t\t\t<div class=\"elementor-button-wrapper\">\n\t\t\t\t\t<a class=\"elementor-button elementor-button-link elementor-size-sm\" href=\"https:\/\/www.instagram.com\/operafestival.az\/\">\n\t\t\t\t\t\t<span class=\"elementor-button-content-wrapper\">\n\t\t\t\t\t\t\t\t\t<span class=\"elementor-button-text\">\u0414\u043e\u043f\u043e\u043b\u043d\u0438\u0442\u0435\u043b\u044c\u043d\u0430\u044f \u0438\u043d\u0444\u043e\u0440\u043c\u0430\u0446\u0438\u044f<\/span>\n\t\t\t\t\t<\/span>\n\t\t\t\t\t<\/a>\n\t\t\t\t<\/div>\n\t\t\t\t\t\t\t\t<\/div>\n\t\t\t\t<\/div>\n\t\t\t\t<\/div>\n\t\t\t\t<\/div>\n\t\t\t\t\t<\/div>\n\t\t\t\t<\/div>\n\t\t<div class=\"elementor-element elementor-element-95fcb85 elementor-hidden-desktop elementor-hidden-tablet e-flex e-con-boxed e-con e-parent\" data-id=\"95fcb85\" data-element_type=\"container\" data-settings=\"{&quot;background_background&quot;:&quot;video&quot;,&quot;background_video_link&quot;:&quot;https:\\\/\\\/musiqimektebi.az\\\/wp-content\\\/uploads\\\/2025\\\/03\\\/DA7zRv4pIGf.mp4&quot;,&quot;background_play_on_mobile&quot;:&quot;yes&quot;}\">\n\t\t\t\t\t<div class=\"e-con-inner\">\n\t\t<div class=\"elementor-background-video-container\">\n\t\t\t\t\t\t\t<video class=\"elementor-background-video-hosted\" autoplay muted playsinline loop><\/video>\n\t\t\t\t\t<\/div><div class=\"elementor-element elementor-element-adfe4a4 e-con-full e-flex e-con e-child\" data-id=\"adfe4a4\" data-element_type=\"container\">\n\t\t<div class=\"elementor-element elementor-element-59e6e4c e-con-full e-flex e-con e-child\" data-id=\"59e6e4c\" data-element_type=\"container\">\n\t\t\t\t<div class=\"elementor-element elementor-element-5ba2435 elementor-widget elementor-widget-theme-site-title elementor-widget-heading\" data-id=\"5ba2435\" data-element_type=\"widget\" data-widget_type=\"theme-site-title.default\">\n\t\t\t\t<div class=\"elementor-widget-container\">\n\t\t\t\t\t<h1 class=\"elementor-heading-title elementor-size-default\"><a href=\"https:\/\/musiqimektebi.az\/ru\">\u0412\u043e\u043a\u0430\u043b\u044c\u043d\u0430\u044f \u043c\u0443\u0437\u044b\u043a\u0430\u043b\u044c\u043d\u0430\u044f \u0448\u043a\u043e\u043b\u0430 \u0424\u0438\u0434\u0430\u043d \u0413\u0430\u0434\u0436\u0438\u0435\u0432\u043e\u0439<\/a><\/h1>\t\t\t\t<\/div>\n\t\t\t\t<\/div>\n\t\t\t\t<div class=\"elementor-element elementor-element-fcdcd9f elementor-invisible elementor-widget elementor-widget-heading\" data-id=\"fcdcd9f\" data-element_type=\"widget\" data-settings=\"{&quot;_animation&quot;:&quot;fadeInDown&quot;}\" data-widget_type=\"heading.default\">\n\t\t\t\t<div class=\"elementor-widget-container\">\n\t\t\t\t\t<h1 class=\"elementor-heading-title elementor-size-default\">\u041f\u0443\u0442\u044c \u043a \u0438\u0441\u043a\u0443\u0441\u0441\u0442\u0432\u0443 \u043d\u0430\u0447\u0438\u043d\u0430\u0435\u0442\u0441\u044f \u0437\u0434\u0435\u0441\u044c.<\/h1>\t\t\t\t<\/div>\n\t\t\t\t<\/div>\n\t\t\t\t<div class=\"elementor-element elementor-element-7f01ba4 elementor-nav-menu__align-start elementor-nav-menu--dropdown-none elementor-hidden-desktop elementor-hidden-tablet elementor-widget elementor-widget-nav-menu\" data-id=\"7f01ba4\" data-element_type=\"widget\" data-settings=\"{&quot;layout&quot;:&quot;vertical&quot;,&quot;_animation_mobile&quot;:&quot;fadeInDown&quot;,&quot;submenu_icon&quot;:{&quot;value&quot;:&quot;&lt;svg class=\\&quot;e-font-icon-svg e-fas-caret-down\\&quot; viewBox=\\&quot;0 0 320 512\\&quot; xmlns=\\&quot;http:\\\/\\\/www.w3.org\\\/2000\\\/svg\\&quot;&gt;&lt;path d=\\&quot;M31.3 192h257.3c17.8 0 26.7 21.5 14.1 34.1L174.1 354.8c-7.8 7.8-20.5 7.8-28.3 0L17.2 226.1C4.6 213.5 13.5 192 31.3 192z\\&quot;&gt;&lt;\\\/path&gt;&lt;\\\/svg&gt;&quot;,&quot;library&quot;:&quot;fa-solid&quot;}}\" data-widget_type=\"nav-menu.default\">\n\t\t\t\t<div class=\"elementor-widget-container\">\n\t\t\t\t\t\t\t\t<nav aria-label=\"\u041c\u0435\u043d\u044e\" class=\"elementor-nav-menu--main elementor-nav-menu__container elementor-nav-menu--layout-vertical e--pointer-background e--animation-fade\">\n\t\t\t\t<ul id=\"menu-1-7f01ba4\" class=\"elementor-nav-menu sm-vertical\"><li class=\"menu-item menu-item-type-custom menu-item-object-custom menu-item-28\"><a href=\"\/ru\/%d0%bc%d1%83%d0%b7%d1%8b%d0%ba%d0%b0-m%c9%99kt%c9%99bi\/\" class=\"elementor-item\">\u041c\u0443\u0437\u044b\u043a\u0430\u043b\u044c\u043d\u0430\u044f \u0448\u043a\u043e\u043b\u0430<\/a><\/li>\n<li class=\"menu-item menu-item-type-custom menu-item-object-custom menu-item-29\"><a href=\"\/ru\/%d0%ba%d0%be%d0%bd%d1%86%d0%b5%d1%80%d1%82%d0%bd%d1%8b%d0%b9-%d0%b7%d0%b0%d0%bb\/\" class=\"elementor-item\">\u041a\u043e\u043d\u0446\u0435\u0440\u0442\u043d\u044b\u0439 \u0437\u0430\u043b<\/a><\/li>\n<li class=\"menu-item menu-item-type-custom menu-item-object-custom menu-item-30\"><a href=\"\/ru\/s%c9%99%d1%81%d1%82%d1%83%d0%b4%d0%b8%d1%8f-%d0%b7%d0%b2%d1%83%d0%ba%d0%be%d0%b7%d0%b0%d0%bf%d0%b8%d1%81%d0%b8\/\" class=\"elementor-item\">\u0421\u0442\u0443\u0434\u0438\u044f \u0437\u0432\u0443\u043a\u043e\u0437\u0430\u043f\u0438\u0441\u0438<\/a><\/li>\n<li class=\"menu-item menu-item-type-post_type menu-item-object-page menu-item-333\"><a href=\"https:\/\/musiqimektebi.az\/ru\/t%c9%99dbirl%c9%99r-v%c9%99-billel%c9%99r\/\" class=\"elementor-item\">\u041c\u0435\u0440\u043e\u043f\u0440\u0438\u044f\u0442\u0438\u044f \u0438 \u0431\u0438\u043b\u0435\u0442\u044b<\/a><\/li>\n<\/ul>\t\t\t<\/nav>\n\t\t\t\t\t\t<nav class=\"elementor-nav-menu--dropdown elementor-nav-menu__container\" aria-hidden=\"true\">\n\t\t\t\t<ul id=\"menu-2-7f01ba4\" class=\"elementor-nav-menu sm-vertical\"><li class=\"menu-item menu-item-type-custom menu-item-object-custom menu-item-28\"><a href=\"\/ru\/%d0%bc%d1%83%d0%b7%d1%8b%d0%ba%d0%b0-m%c9%99kt%c9%99bi\/\" class=\"elementor-item\" tabindex=\"-1\">\u041c\u0443\u0437\u044b\u043a\u0430\u043b\u044c\u043d\u0430\u044f \u0448\u043a\u043e\u043b\u0430<\/a><\/li>\n<li class=\"menu-item menu-item-type-custom menu-item-object-custom menu-item-29\"><a href=\"\/ru\/%d0%ba%d0%be%d0%bd%d1%86%d0%b5%d1%80%d1%82%d0%bd%d1%8b%d0%b9-%d0%b7%d0%b0%d0%bb\/\" class=\"elementor-item\" tabindex=\"-1\">\u041a\u043e\u043d\u0446\u0435\u0440\u0442\u043d\u044b\u0439 \u0437\u0430\u043b<\/a><\/li>\n<li class=\"menu-item menu-item-type-custom menu-item-object-custom menu-item-30\"><a href=\"\/ru\/s%c9%99%d1%81%d1%82%d1%83%d0%b4%d0%b8%d1%8f-%d0%b7%d0%b2%d1%83%d0%ba%d0%be%d0%b7%d0%b0%d0%bf%d0%b8%d1%81%d0%b8\/\" class=\"elementor-item\" tabindex=\"-1\">\u0421\u0442\u0443\u0434\u0438\u044f \u0437\u0432\u0443\u043a\u043e\u0437\u0430\u043f\u0438\u0441\u0438<\/a><\/li>\n<li class=\"menu-item menu-item-type-post_type menu-item-object-page menu-item-333\"><a href=\"https:\/\/musiqimektebi.az\/ru\/t%c9%99dbirl%c9%99r-v%c9%99-billel%c9%99r\/\" class=\"elementor-item\" tabindex=\"-1\">\u041c\u0435\u0440\u043e\u043f\u0440\u0438\u044f\u0442\u0438\u044f \u0438 \u0431\u0438\u043b\u0435\u0442\u044b<\/a><\/li>\n<\/ul>\t\t\t<\/nav>\n\t\t\t\t\t\t<\/div>\n\t\t\t\t<\/div>\n\t\t\t\t<div class=\"elementor-element elementor-element-e9f1db2 elementor-invisible elementor-widget elementor-widget-heading\" data-id=\"e9f1db2\" data-element_type=\"widget\" data-settings=\"{&quot;_animation&quot;:&quot;fadeInDown&quot;}\" data-widget_type=\"heading.default\">\n\t\t\t\t<div class=\"elementor-widget-container\">\n\t\t\t\t\t<p class=\"elementor-heading-title elementor-size-default\">\u0412\u0442\u043e\u0440\u043e\u0439 \u041c\u0435\u0436\u0434\u0443\u043d\u0430\u0440\u043e\u0434\u043d\u044b\u0439 \u043e\u043f\u0435\u0440\u043d\u044b\u0439 \u0444\u0435\u0441\u0442\u0438\u0432\u0430\u043b\u044c \u0438\u043c\u0435\u043d\u0438 \u0424\u0438\u0434\u0430\u043d \u0413\u0430\u0434\u0436\u0438\u0435\u0432\u043e\u0439 \u043f\u0440\u043e\u0439\u0434\u0435\u0442 \u0432 \u0410\u0437\u0435\u0440\u0431\u0430\u0439\u0434\u0436\u0430\u043d\u0435 \u0441 23 \u043f\u043e 29 \u0430\u043f\u0440\u0435\u043b\u044f 2025 \u0433\u043e\u0434\u0430.<\/p>\t\t\t\t<\/div>\n\t\t\t\t<\/div>\n\t\t\t\t<div class=\"elementor-element elementor-element-4c668bb elementor-mobile-align-justify elementor-widget elementor-widget-button\" data-id=\"4c668bb\" data-element_type=\"widget\" data-settings=\"{&quot;_animation_mobile&quot;:&quot;fadeInDown&quot;}\" data-widget_type=\"button.default\">\n\t\t\t\t<div class=\"elementor-widget-container\">\n\t\t\t\t\t\t\t\t\t<div class=\"elementor-button-wrapper\">\n\t\t\t\t\t<a class=\"elementor-button elementor-button-link elementor-size-sm\" href=\"https:\/\/www.instagram.com\/operafestival.az\/\">\n\t\t\t\t\t\t<span class=\"elementor-button-content-wrapper\">\n\t\t\t\t\t\t\t\t\t<span class=\"elementor-button-text\">\u0414\u043e\u043f\u043e\u043b\u043d\u0438\u0442\u0435\u043b\u044c\u043d\u0430\u044f \u0438\u043d\u0444\u043e\u0440\u043c\u0430\u0446\u0438\u044f<\/span>\n\t\t\t\t\t<\/span>\n\t\t\t\t\t<\/a>\n\t\t\t\t<\/div>\n\t\t\t\t\t\t\t\t<\/div>\n\t\t\t\t<\/div>\n\t\t\t\t<\/div>\n\t\t\t\t<\/div>\n\t\t\t\t\t<\/div>\n\t\t\t\t<\/div>\n\t\t\t\t<\/div>","protected":false},"excerpt":{"rendered":"<p>\u041f\u0443\u0442\u044c \u043a \u0438\u0441\u043a\u0443\u0441\u0441\u0442\u0432\u0443 \u043d\u0430\u0447\u0438\u043d\u0430\u0435\u0442\u0441\u044f \u0437\u0434\u0435\u0441\u044c. \u0412\u0442\u043e\u0440\u043e\u0439 \u041c\u0435\u0436\u0434\u0443\u043d\u0430\u0440\u043e\u0434\u043d\u044b\u0439 \u043e\u043f\u0435\u0440\u043d\u044b\u0439 \u0444\u0435\u0441\u0442\u0438\u0432\u0430\u043b\u044c \u0438\u043c\u0435\u043d\u0438 \u0424\u0438\u0434\u0430\u043d \u0413\u0430\u0434\u0436\u0438\u0435\u0432\u043e\u0439 \u043f\u0440\u043e\u0439\u0434\u0435\u0442 \u0432 \u0410\u0437\u0435\u0440\u0431\u0430\u0439\u0434\u0436\u0430\u043d\u0435 \u0441 23 \u043f\u043e 29 \u0430\u043f\u0440\u0435\u043b\u044f 2025 \u0433\u043e\u0434\u0430. \u0414\u043e\u043f\u043e\u043b\u043d\u0438\u0442\u0435\u043b\u044c\u043d\u0430\u044f \u0438\u043d\u0444\u043e\u0440\u043c\u0430\u0446\u0438\u044f \u041f\u0443\u0442\u044c \u043a \u0438\u0441\u043a\u0443\u0441\u0441\u0442\u0432\u0443 \u043d\u0430\u0447\u0438\u043d\u0430\u0435\u0442\u0441\u044f \u0437\u0434\u0435\u0441\u044c. \u0412\u0442\u043e\u0440\u043e\u0439 \u041c\u0435\u0436\u0434\u0443\u043d\u0430\u0440\u043e\u0434\u043d\u044b\u0439 \u043e\u043f\u0435\u0440\u043d\u044b\u0439 \u0444\u0435\u0441\u0442\u0438\u0432\u0430\u043b\u044c \u0438\u043c\u0435\u043d\u0438 \u0424\u0438\u0434\u0430\u043d \u0413\u0430\u0434\u0436\u0438\u0435\u0432\u043e\u0439 \u043f\u0440\u043e\u0439\u0434\u0435\u0442 \u0432 \u0410\u0437\u0435\u0440\u0431\u0430\u0439\u0434\u0436\u0430\u043d\u0435 \u0441 23 \u043f\u043e 29 \u0430\u043f\u0440\u0435\u043b\u044f 2025 \u0433\u043e\u0434\u0430. \u0414\u043e\u043f\u043e\u043b\u043d\u0438\u0442\u0435\u043b\u044c\u043d\u0430\u044f \u0438\u043d\u0444\u043e\u0440\u043c\u0430\u0446\u0438\u044f<\/p>","protected":false},"author":1,"featured_media":0,"parent":0,"menu_order":0,"comment_status":"closed","ping_status":"closed","template":"elementor_canvas","meta":{"_acf_changed":false,"footnotes":""},"class_list":["post-16","page","type-page","status-publish","hentry"],"acf":[],"yoast_head":"<!-- This site is optimized with the Yoast SEO plugin v24.8.1 - https:\/\/yoast.com\/wordpress\/plugins\/seo\/ -->\n<title>Fidan Hac\u0131yeva&#039;n\u0131n Vokal Musiqi M\u0259kt\u0259bi<\/title>\n<meta name=\"description\" content=\"S\u0259n\u0259t\u0259 aparan yol burada ba\u015flay\u0131r. Fidan Hac\u0131yeva Musiqi M\u0259kt\u0259bi pe\u015f\u0259kar vokal v\u0259 musiqi t\u0259hsili il\u0259 istedad\u0131n\u0131z\u0131 k\u0259\u015ff etm\u0259y\u0259 imkan yarad\u0131r.\" \/>\n<meta name=\"robots\" content=\"index, follow, max-snippet:-1, max-image-preview:large, max-video-preview:-1\" \/>\n<link rel=\"canonical\" href=\"https:\/\/musiqimektebi.az\/ru\" \/>\n<meta property=\"og:locale\" content=\"ru_RU\" \/>\n<meta property=\"og:type\" content=\"article\" \/>\n<meta property=\"og:title\" content=\"Fidan Hac\u0131yeva&#039;n\u0131n Vokal Musiqi M\u0259kt\u0259bi\" \/>\n<meta property=\"og:description\" content=\"S\u0259n\u0259t\u0259 aparan yol burada ba\u015flay\u0131r. Fidan Hac\u0131yeva Musiqi M\u0259kt\u0259bi pe\u015f\u0259kar vokal v\u0259 musiqi t\u0259hsili il\u0259 istedad\u0131n\u0131z\u0131 k\u0259\u015ff etm\u0259y\u0259 imkan yarad\u0131r.\" \/>\n<meta property=\"og:url\" content=\"https:\/\/musiqimektebi.az\/ru\" \/>\n<meta property=\"og:site_name\" content=\"Fidan Hac\u0131yeva&#039;n\u0131n Vokal Musiqi M\u0259kt\u0259bi\" \/>\n<meta property=\"article:modified_time\" content=\"2025-04-08T09:05:30+00:00\" \/>\n<meta name=\"twitter:card\" content=\"summary_large_image\" \/>\n<meta name=\"twitter:label1\" content=\"\u041f\u0440\u0438\u043c\u0435\u0440\u043d\u043e\u0435 \u0432\u0440\u0435\u043c\u044f \u0434\u043b\u044f \u0447\u0442\u0435\u043d\u0438\u044f\" \/>\n\t<meta name=\"twitter:data1\" content=\"1 \u043c\u0438\u043d\u0443\u0442\u0430\" \/>\n<script type=\"application\/ld+json\" class=\"yoast-schema-graph\">{\"@context\":\"https:\/\/schema.org\",\"@graph\":[{\"@type\":\"WebPage\",\"@id\":\"https:\/\/musiqimektebi.az\/\",\"url\":\"https:\/\/musiqimektebi.az\/\",\"name\":\"Fidan Hac\u0131yeva&#039;n\u0131n Vokal Musiqi M\u0259kt\u0259bi\",\"isPartOf\":{\"@id\":\"https:\/\/musiqimektebi.az\/#website\"},\"datePublished\":\"2025-03-06T17:21:40+00:00\",\"dateModified\":\"2025-04-08T09:05:30+00:00\",\"description\":\"S\u0259n\u0259t\u0259 aparan yol burada ba\u015flay\u0131r. Fidan Hac\u0131yeva Musiqi M\u0259kt\u0259bi pe\u015f\u0259kar vokal v\u0259 musiqi t\u0259hsili il\u0259 istedad\u0131n\u0131z\u0131 k\u0259\u015ff etm\u0259y\u0259 imkan yarad\u0131r.\",\"breadcrumb\":{\"@id\":\"https:\/\/musiqimektebi.az\/#breadcrumb\"},\"inLanguage\":\"ru-RU\",\"potentialAction\":[{\"@type\":\"ReadAction\",\"target\":[\"https:\/\/musiqimektebi.az\/\"]}]},{\"@type\":\"BreadcrumbList\",\"@id\":\"https:\/\/musiqimektebi.az\/#breadcrumb\",\"itemListElement\":[{\"@type\":\"ListItem\",\"position\":1,\"name\":\"Home\",\"item\":\"https:\/\/musiqimektebi.az\/\"},{\"@type\":\"ListItem\",\"position\":2,\"name\":\"Main Page\"}]},{\"@type\":\"WebSite\",\"@id\":\"https:\/\/musiqimektebi.az\/#website\",\"url\":\"https:\/\/musiqimektebi.az\/\",\"name\":\"Fidan Hac\u0131yeva'n\u0131n Vokal Musiqi M\u0259kt\u0259bi\",\"description\":\"\",\"publisher\":{\"@id\":\"https:\/\/musiqimektebi.az\/#organization\"},\"potentialAction\":[{\"@type\":\"SearchAction\",\"target\":{\"@type\":\"EntryPoint\",\"urlTemplate\":\"https:\/\/musiqimektebi.az\/?s={search_term_string}\"},\"query-input\":{\"@type\":\"PropertyValueSpecification\",\"valueRequired\":true,\"valueName\":\"search_term_string\"}}],\"inLanguage\":\"ru-RU\"},{\"@type\":\"Organization\",\"@id\":\"https:\/\/musiqimektebi.az\/#organization\",\"name\":\"Fidan Hac\u0131yeva'n\u0131n Vokal Musiqi M\u0259kt\u0259bi\",\"url\":\"https:\/\/musiqimektebi.az\/\",\"logo\":{\"@type\":\"ImageObject\",\"inLanguage\":\"ru-RU\",\"@id\":\"https:\/\/musiqimektebi.az\/#\/schema\/logo\/image\/\",\"url\":\"https:\/\/musiqimektebi.az\/wp-content\/uploads\/2025\/03\/cropped-pngwing.com_.png\",\"contentUrl\":\"https:\/\/musiqimektebi.az\/wp-content\/uploads\/2025\/03\/cropped-pngwing.com_.png\",\"width\":512,\"height\":512,\"caption\":\"Fidan Hac\u0131yeva'n\u0131n Vokal Musiqi M\u0259kt\u0259bi\"},\"image\":{\"@id\":\"https:\/\/musiqimektebi.az\/#\/schema\/logo\/image\/\"}}]}<\/script>\n<!-- \/ Yoast SEO plugin. -->","yoast_head_json":{"title":"Fidan Hac\u0131yeva&#039;n\u0131n Vokal Musiqi M\u0259kt\u0259bi","description":"S\u0259n\u0259t\u0259 aparan yol burada ba\u015flay\u0131r. Fidan Hac\u0131yeva Musiqi M\u0259kt\u0259bi pe\u015f\u0259kar vokal v\u0259 musiqi t\u0259hsili il\u0259 istedad\u0131n\u0131z\u0131 k\u0259\u015ff etm\u0259y\u0259 imkan yarad\u0131r.","robots":{"index":"index","follow":"follow","max-snippet":"max-snippet:-1","max-image-preview":"max-image-preview:large","max-video-preview":"max-video-preview:-1"},"canonical":"https:\/\/musiqimektebi.az\/ru","og_locale":"ru_RU","og_type":"article","og_title":"Fidan Hac\u0131yeva&#039;n\u0131n Vokal Musiqi M\u0259kt\u0259bi","og_description":"S\u0259n\u0259t\u0259 aparan yol burada ba\u015flay\u0131r. Fidan Hac\u0131yeva Musiqi M\u0259kt\u0259bi pe\u015f\u0259kar vokal v\u0259 musiqi t\u0259hsili il\u0259 istedad\u0131n\u0131z\u0131 k\u0259\u015ff etm\u0259y\u0259 imkan yarad\u0131r.","og_url":"https:\/\/musiqimektebi.az\/ru","og_site_name":"Fidan Hac\u0131yeva&#039;n\u0131n Vokal Musiqi M\u0259kt\u0259bi","article_modified_time":"2025-04-08T09:05:30+00:00","twitter_card":"summary_large_image","twitter_misc":{"\u041f\u0440\u0438\u043c\u0435\u0440\u043d\u043e\u0435 \u0432\u0440\u0435\u043c\u044f \u0434\u043b\u044f \u0447\u0442\u0435\u043d\u0438\u044f":"1 \u043c\u0438\u043d\u0443\u0442\u0430"},"schema":{"@context":"https:\/\/schema.org","@graph":[{"@type":"WebPage","@id":"https:\/\/musiqimektebi.az\/","url":"https:\/\/musiqimektebi.az\/","name":"Fidan Hac\u0131yeva&#039;n\u0131n Vokal Musiqi M\u0259kt\u0259bi","isPartOf":{"@id":"https:\/\/musiqimektebi.az\/#website"},"datePublished":"2025-03-06T17:21:40+00:00","dateModified":"2025-04-08T09:05:30+00:00","description":"S\u0259n\u0259t\u0259 aparan yol burada ba\u015flay\u0131r. Fidan Hac\u0131yeva Musiqi M\u0259kt\u0259bi pe\u015f\u0259kar vokal v\u0259 musiqi t\u0259hsili il\u0259 istedad\u0131n\u0131z\u0131 k\u0259\u015ff etm\u0259y\u0259 imkan yarad\u0131r.","breadcrumb":{"@id":"https:\/\/musiqimektebi.az\/#breadcrumb"},"inLanguage":"ru-RU","potentialAction":[{"@type":"ReadAction","target":["https:\/\/musiqimektebi.az\/"]}]},{"@type":"BreadcrumbList","@id":"https:\/\/musiqimektebi.az\/#breadcrumb","itemListElement":[{"@type":"ListItem","position":1,"name":"Home","item":"https:\/\/musiqimektebi.az\/"},{"@type":"ListItem","position":2,"name":"Main Page"}]},{"@type":"WebSite","@id":"https:\/\/musiqimektebi.az\/#website","url":"https:\/\/musiqimektebi.az\/","name":"Fidan Hac\u0131yeva'n\u0131n Vokal Musiqi M\u0259kt\u0259bi","description":"","publisher":{"@id":"https:\/\/musiqimektebi.az\/#organization"},"potentialAction":[{"@type":"SearchAction","target":{"@type":"EntryPoint","urlTemplate":"https:\/\/musiqimektebi.az\/?s={search_term_string}"},"query-input":{"@type":"PropertyValueSpecification","valueRequired":true,"valueName":"search_term_string"}}],"inLanguage":"ru-RU"},{"@type":"Organization","@id":"https:\/\/musiqimektebi.az\/#organization","name":"Fidan Hac\u0131yeva'n\u0131n Vokal Musiqi M\u0259kt\u0259bi","url":"https:\/\/musiqimektebi.az\/","logo":{"@type":"ImageObject","inLanguage":"ru-RU","@id":"https:\/\/musiqimektebi.az\/#\/schema\/logo\/image\/","url":"https:\/\/musiqimektebi.az\/wp-content\/uploads\/2025\/03\/cropped-pngwing.com_.png","contentUrl":"https:\/\/musiqimektebi.az\/wp-content\/uploads\/2025\/03\/cropped-pngwing.com_.png","width":512,"height":512,"caption":"Fidan Hac\u0131yeva'n\u0131n Vokal Musiqi M\u0259kt\u0259bi"},"image":{"@id":"https:\/\/musiqimektebi.az\/#\/schema\/logo\/image\/"}}]}},"_links":{"self":[{"href":"https:\/\/musiqimektebi.az\/ru\/wp-json\/wp\/v2\/pages\/16","targetHints":{"allow":["GET"]}}],"collection":[{"href":"https:\/\/musiqimektebi.az\/ru\/wp-json\/wp\/v2\/pages"}],"about":[{"href":"https:\/\/musiqimektebi.az\/ru\/wp-json\/wp\/v2\/types\/page"}],"author":[{"embeddable":true,"href":"https:\/\/musiqimektebi.az\/ru\/wp-json\/wp\/v2\/users\/1"}],"replies":[{"embeddable":true,"href":"https:\/\/musiqimektebi.az\/ru\/wp-json\/wp\/v2\/comments?post=16"}],"version-history":[{"count":110,"href":"https:\/\/musiqimektebi.az\/ru\/wp-json\/wp\/v2\/pages\/16\/revisions"}],"predecessor-version":[{"id":443,"href":"https:\/\/musiqimektebi.az\/ru\/wp-json\/wp\/v2\/pages\/16\/revisions\/443"}],"wp:attachment":[{"href":"https:\/\/musiqimektebi.az\/ru\/wp-json\/wp\/v2\/media?parent=16"}],"curies":[{"name":"wp","href":"https:\/\/api.w.org\/{rel}","templated":true}]}}