{"id":120,"date":"2025-03-12T17:33:22","date_gmt":"2025-03-12T17:33:22","guid":{"rendered":"https:\/\/musiqimektebi.az\/?page_id=120"},"modified":"2025-04-08T09:04:06","modified_gmt":"2025-04-08T09:04:06","slug":"elaq%c9%99","status":"publish","type":"page","link":"https:\/\/musiqimektebi.az\/ru\/elaq%c9%99\/","title":{"rendered":"\u041a\u043e\u043d\u0442\u0430\u043a\u0442"},"content":{"rendered":"<div data-elementor-type=\"wp-page\" data-elementor-id=\"120\" class=\"elementor elementor-120\" data-elementor-post-type=\"page\">\n\t\t\t\t<div class=\"elementor-element elementor-element-2c10f5e e-flex e-con-boxed e-con e-parent\" data-id=\"2c10f5e\" data-element_type=\"container\" data-settings=\"{&quot;background_background&quot;:&quot;classic&quot;}\">\n\t\t\t\t\t<div class=\"e-con-inner\">\n\t\t<div class=\"elementor-element elementor-element-2a132f8 e-con-full e-flex e-con e-child\" data-id=\"2a132f8\" data-element_type=\"container\">\n\t\t\t\t<div class=\"elementor-element elementor-element-13b4357 elementor-invisible elementor-widget elementor-widget-heading\" data-id=\"13b4357\" data-element_type=\"widget\" data-settings=\"{&quot;_animation&quot;:&quot;fadeInDown&quot;}\" data-widget_type=\"heading.default\">\n\t\t\t\t<div class=\"elementor-widget-container\">\n\t\t\t\t\t<h1 class=\"elementor-heading-title elementor-size-default\">\u0421\u0432\u044f\u0437\u0430\u0442\u044c\u0441\u044f \u0441 \u043d\u0430\u043c\u0438<\/h1>\t\t\t\t<\/div>\n\t\t\t\t<\/div>\n\t\t\t\t<div class=\"elementor-element elementor-element-43a40b9 elementor-widget elementor-widget-text-editor\" data-id=\"43a40b9\" data-element_type=\"widget\" data-widget_type=\"text-editor.default\">\n\t\t\t\t<div class=\"elementor-widget-container\">\n\t\t\t\t\t\t\t\t\t<p data-start=\"27\" data-end=\"111\">\u041c\u044b \u0433\u043e\u0442\u043e\u0432\u044b \u0432\u044b\u0441\u043b\u0443\u0448\u0430\u0442\u044c \u0432\u0430\u0448\u0438 \u0432\u043e\u043f\u0440\u043e\u0441\u044b \u0438 \u043f\u0440\u043e\u0432\u0435\u0441\u0442\u0438 \u0432\u0430\u0441 \u043f\u043e \u043c\u0438\u0440\u0443 \u043c\u0443\u0437\u044b\u043a\u0438!<\/p><p data-start=\"113\" data-end=\"187\" data-is-last-node=\"\" data-is-only-node=\"\">\ud83d\udccd \u0421\u0432\u044f\u0436\u0438\u0442\u0435\u0441\u044c \u0441 \u043d\u0430\u043c\u0438 \u0438 \u043d\u0430\u0447\u043d\u0438\u0442\u0435 \u0441\u0432\u043e\u0435 \u0445\u0443\u0434\u043e\u0436\u0435\u0441\u0442\u0432\u0435\u043d\u043d\u043e\u0435 \u043f\u0443\u0442\u0435\u0448\u0435\u0441\u0442\u0432\u0438\u0435 \u0432\u043c\u0435\u0441\u0442\u0435 \u0441 \u043d\u0430\u043c\u0438! \ud83c\udfb6\u2728<\/p>\t\t\t\t\t\t\t\t<\/div>\n\t\t\t\t<\/div>\n\t\t\t\t<div class=\"elementor-element elementor-element-a7a9068 elementor-button-align-stretch elementor-widget elementor-widget-form\" data-id=\"a7a9068\" data-element_type=\"widget\" data-settings=\"{&quot;step_next_label&quot;:&quot;Next&quot;,&quot;step_previous_label&quot;:&quot;Previous&quot;,&quot;button_width&quot;:&quot;100&quot;,&quot;step_type&quot;:&quot;number_text&quot;,&quot;step_icon_shape&quot;:&quot;circle&quot;}\" data-widget_type=\"form.default\">\n\t\t\t\t<div class=\"elementor-widget-container\">\n\t\t\t\t\t\t\t<form class=\"elementor-form\" method=\"post\" name=\"New Form\" action=\"\">\n\t\t\t<input type=\"hidden\" name=\"post_id\" value=\"120\"\/>\n\t\t\t<input type=\"hidden\" name=\"form_id\" value=\"a7a9068\"\/>\n\t\t\t<input type=\"hidden\" name=\"referer_title\" value=\"\u018flaq\u0259 - Fidan Hac\u0131yeva&#039;n\u0131n Vokal Musiqi M\u0259kt\u0259bi\" \/>\n\n\t\t\t\t\t\t\t<input type=\"hidden\" name=\"queried_id\" value=\"120\"\/>\n\t\t\t\n\t\t\t<div class=\"elementor-form-fields-wrapper elementor-labels-\">\n\t\t\t\t\t\t\t\t<div class=\"elementor-field-type-text elementor-field-group elementor-column elementor-field-group-name elementor-col-100\">\n\t\t\t\t\t\t\t\t\t\t\t\t<label for=\"form-field-name\" class=\"elementor-field-label elementor-screen-only\">\n\t\t\t\t\t\t\t\t\u0418\u043c\u044f\t\t\t\t\t\t\t<\/label>\n\t\t\t\t\t\t\t\t\t\t\t\t\t\t<input size=\"1\" type=\"text\" name=\"form_fields[name]\" id=\"form-field-name\" class=\"elementor-field elementor-size-sm  elementor-field-textual\" placeholder=\"\u0418\u043c\u044f\">\n\t\t\t\t\t\t\t\t\t\t\t<\/div>\n\t\t\t\t\t\t\t\t<div class=\"elementor-field-type-tel elementor-field-group elementor-column elementor-field-group-email elementor-col-100 elementor-field-required\">\n\t\t\t\t\t\t\t\t\t\t\t\t<label for=\"form-field-email\" class=\"elementor-field-label elementor-screen-only\">\n\t\t\t\t\t\t\t\t\u041d\u043e\u043c\u0435\u0440 \u0442\u0435\u043b\u0435\u0444\u043e\u043d\u0430\t\t\t\t\t\t\t<\/label>\n\t\t\t\t\t\t\t\t<input size=\"1\" type=\"tel\" name=\"form_fields[email]\" id=\"form-field-email\" class=\"elementor-field elementor-size-sm  elementor-field-textual\" placeholder=\"\u041d\u043e\u043c\u0435\u0440 \u0442\u0435\u043b\u0435\u0444\u043e\u043d\u0430 \" required=\"required\" pattern=\"[0-9()#&amp;+*-=.]+\" title=\"Only numbers and phone characters (#, -, *, etc) are accepted.\" data-no-translation-title=\"\">\n\n\t\t\t\t\t\t<\/div>\n\t\t\t\t\t\t\t\t<div class=\"elementor-field-type-email elementor-field-group elementor-column elementor-field-group-field_aea3dc4 elementor-col-100\">\n\t\t\t\t\t\t\t\t\t\t\t\t<label for=\"form-field-field_aea3dc4\" class=\"elementor-field-label elementor-screen-only\">\n\t\t\t\t\t\t\t\t\u042d\u043b\u0435\u043a\u0442\u0440\u043e\u043d\u043d\u0430\u044f \u043f\u043e\u0447\u0442\u0430\t\t\t\t\t\t\t<\/label>\n\t\t\t\t\t\t\t\t\t\t\t\t\t\t<input size=\"1\" type=\"email\" name=\"form_fields[field_aea3dc4]\" id=\"form-field-field_aea3dc4\" class=\"elementor-field elementor-size-sm  elementor-field-textual\" placeholder=\"\u042d\u043b\u0435\u043a\u0442\u0440\u043e\u043d\u043d\u0430\u044f \u043f\u043e\u0447\u0442\u0430\">\n\t\t\t\t\t\t\t\t\t\t\t<\/div>\n\t\t\t\t\t\t\t\t<div class=\"elementor-field-type-textarea elementor-field-group elementor-column elementor-field-group-message elementor-col-100\">\n\t\t\t\t\t\t\t\t\t\t\t\t<label for=\"form-field-message\" class=\"elementor-field-label elementor-screen-only\">\n\t\t\t\t\t\t\t\t\u0421\u043e\u043e\u0431\u0449\u0435\u043d\u0438\u0435\t\t\t\t\t\t\t<\/label>\n\t\t\t\t\t\t<textarea class=\"elementor-field-textual elementor-field  elementor-size-sm\" name=\"form_fields[message]\" id=\"form-field-message\" rows=\"4\" placeholder=\"\u0421\u043e\u043e\u0431\u0449\u0435\u043d\u0438\u0435\"><\/textarea>\t\t\t\t<\/div>\n\t\t\t\t\t\t\t\t<div class=\"elementor-field-group elementor-column elementor-field-type-submit elementor-col-100 e-form__buttons\">\n\t\t\t\t\t<button class=\"elementor-button elementor-size-sm\" type=\"submit\">\n\t\t\t\t\t\t<span class=\"elementor-button-content-wrapper\">\n\t\t\t\t\t\t\t\t\t\t\t\t\t\t\t\t\t\t\t\t\t\t<span class=\"elementor-button-text\">\u041e\u0442\u043f\u0440\u0430\u0432\u043b\u044f\u0442\u044c<\/span>\n\t\t\t\t\t\t\t\t\t\t\t\t\t<\/span>\n\t\t\t\t\t<\/button>\n\t\t\t\t<\/div>\n\t\t\t<\/div>\n\t\t<input type=\"hidden\" name=\"trp-form-language\" value=\"ru\"\/><\/form>\n\t\t\t\t\t\t<\/div>\n\t\t\t\t<\/div>\n\t\t\t\t<\/div>\n\t\t<div class=\"elementor-element elementor-element-fdf97cd e-con-full e-flex e-con e-child\" data-id=\"fdf97cd\" data-element_type=\"container\">\n\t\t\t\t<div class=\"elementor-element elementor-element-c6c2b20 elementor-widget elementor-widget-html\" data-id=\"c6c2b20\" data-element_type=\"widget\" data-widget_type=\"html.default\">\n\t\t\t\t<div class=\"elementor-widget-container\">\n\t\t\t\t\t<iframe src=\"https:\/\/yandex.ru\/map-widget\/v1\/-\/CHFMME0r\"height=\"500vh\"><\/iframe>\t\t\t\t<\/div>\n\t\t\t\t<\/div>\n\t\t\t\t<\/div>\n\t\t\t\t\t<\/div>\n\t\t\t\t<\/div>\n\t\t\t\t<\/div>","protected":false},"excerpt":{"rendered":"<p>\u0421\u0432\u044f\u0436\u0438\u0442\u0435\u0441\u044c \u0441 \u043d\u0430\u043c\u0438 \u041c\u044b \u0433\u043e\u0442\u043e\u0432\u044b \u0432\u044b\u0441\u043b\u0443\u0448\u0430\u0442\u044c \u0432\u0430\u0448\u0438 \u0432\u043e\u043f\u0440\u043e\u0441\u044b \u0438 \u043f\u0440\u043e\u0432\u0435\u0441\u0442\u0438 \u0432\u0430\u0441 \u043f\u043e \u043c\u0438\u0440\u0443 \u043c\u0443\u0437\u044b\u043a\u0438! \ud83d\udccd \u0421\u0432\u044f\u0436\u0438\u0442\u0435\u0441\u044c \u0441 \u043d\u0430\u043c\u0438 \u0438 \u043d\u0430\u0447\u043d\u0438\u0442\u0435 \u0441\u0432\u043e\u0435 \u0445\u0443\u0434\u043e\u0436\u0435\u0441\u0442\u0432\u0435\u043d\u043d\u043e\u0435 \u043f\u0443\u0442\u0435\u0448\u0435\u0441\u0442\u0432\u0438\u0435 \u0432\u043c\u0435\u0441\u0442\u0435 \u0441 \u043d\u0430\u043c\u0438! \ud83c\udfb6\u2728<\/p>","protected":false},"author":1,"featured_media":0,"parent":0,"menu_order":0,"comment_status":"closed","ping_status":"closed","template":"elementor_header_footer","meta":{"_acf_changed":false,"footnotes":""},"class_list":["post-120","page","type-page","status-publish","hentry"],"acf":[],"yoast_head":"<!-- This site is optimized with the Yoast SEO plugin v24.8.1 - https:\/\/yoast.com\/wordpress\/plugins\/seo\/ -->\n<title>\u018flaq\u0259 - Fidan Hac\u0131yeva&#039;n\u0131n Vokal Musiqi M\u0259kt\u0259bi<\/title>\n<meta name=\"robots\" content=\"index, follow, max-snippet:-1, max-image-preview:large, max-video-preview:-1\" \/>\n<link rel=\"canonical\" href=\"https:\/\/musiqimektebi.az\/ru\/elaq\u0259\/\" \/>\n<meta property=\"og:locale\" content=\"ru_RU\" \/>\n<meta property=\"og:type\" content=\"article\" \/>\n<meta property=\"og:title\" content=\"\u018flaq\u0259 - Fidan Hac\u0131yeva&#039;n\u0131n Vokal Musiqi M\u0259kt\u0259bi\" \/>\n<meta property=\"og:description\" content=\"Biziml\u0259 \u018flaq\u0259 Sizin suallar\u0131n\u0131z\u0131 dinl\u0259m\u0259y\u0259 v\u0259 musiqi d\u00fcnyas\u0131nda siz\u0259 yol g\u00f6st\u0259rm\u0259y\u0259 haz\u0131r\u0131q! \ud83d\udccd Biziml\u0259 \u0259laq\u0259 saxlay\u0131n v\u0259 s\u0259n\u0259t yolculu\u011funuzu biziml\u0259 ba\u015flay\u0131n! \ud83c\udfb6\u2728\" \/>\n<meta property=\"og:url\" content=\"https:\/\/musiqimektebi.az\/ru\/elaq\u0259\/\" \/>\n<meta property=\"og:site_name\" content=\"Fidan Hac\u0131yeva&#039;n\u0131n Vokal Musiqi M\u0259kt\u0259bi\" \/>\n<meta property=\"article:modified_time\" content=\"2025-04-08T09:04:06+00:00\" \/>\n<meta name=\"twitter:card\" content=\"summary_large_image\" \/>\n<meta name=\"twitter:label1\" content=\"\u041f\u0440\u0438\u043c\u0435\u0440\u043d\u043e\u0435 \u0432\u0440\u0435\u043c\u044f \u0434\u043b\u044f \u0447\u0442\u0435\u043d\u0438\u044f\" \/>\n\t<meta name=\"twitter:data1\" content=\"1 \u043c\u0438\u043d\u0443\u0442\u0430\" \/>\n<script type=\"application\/ld+json\" class=\"yoast-schema-graph\">{\"@context\":\"https:\/\/schema.org\",\"@graph\":[{\"@type\":\"WebPage\",\"@id\":\"https:\/\/musiqimektebi.az\/elaq%c9%99\/\",\"url\":\"https:\/\/musiqimektebi.az\/elaq%c9%99\/\",\"name\":\"\u018flaq\u0259 - Fidan Hac\u0131yeva&#039;n\u0131n Vokal Musiqi M\u0259kt\u0259bi\",\"isPartOf\":{\"@id\":\"https:\/\/musiqimektebi.az\/#website\"},\"datePublished\":\"2025-03-12T17:33:22+00:00\",\"dateModified\":\"2025-04-08T09:04:06+00:00\",\"breadcrumb\":{\"@id\":\"https:\/\/musiqimektebi.az\/elaq%c9%99\/#breadcrumb\"},\"inLanguage\":\"ru-RU\",\"potentialAction\":[{\"@type\":\"ReadAction\",\"target\":[\"https:\/\/musiqimektebi.az\/elaq%c9%99\/\"]}]},{\"@type\":\"BreadcrumbList\",\"@id\":\"https:\/\/musiqimektebi.az\/elaq%c9%99\/#breadcrumb\",\"itemListElement\":[{\"@type\":\"ListItem\",\"position\":1,\"name\":\"Home\",\"item\":\"https:\/\/musiqimektebi.az\/\"},{\"@type\":\"ListItem\",\"position\":2,\"name\":\"\u018flaq\u0259\"}]},{\"@type\":\"WebSite\",\"@id\":\"https:\/\/musiqimektebi.az\/#website\",\"url\":\"https:\/\/musiqimektebi.az\/\",\"name\":\"Fidan Hac\u0131yeva'n\u0131n Vokal Musiqi M\u0259kt\u0259bi\",\"description\":\"\",\"publisher\":{\"@id\":\"https:\/\/musiqimektebi.az\/#organization\"},\"potentialAction\":[{\"@type\":\"SearchAction\",\"target\":{\"@type\":\"EntryPoint\",\"urlTemplate\":\"https:\/\/musiqimektebi.az\/?s={search_term_string}\"},\"query-input\":{\"@type\":\"PropertyValueSpecification\",\"valueRequired\":true,\"valueName\":\"search_term_string\"}}],\"inLanguage\":\"ru-RU\"},{\"@type\":\"Organization\",\"@id\":\"https:\/\/musiqimektebi.az\/#organization\",\"name\":\"Fidan Hac\u0131yeva'n\u0131n Vokal Musiqi M\u0259kt\u0259bi\",\"url\":\"https:\/\/musiqimektebi.az\/\",\"logo\":{\"@type\":\"ImageObject\",\"inLanguage\":\"ru-RU\",\"@id\":\"https:\/\/musiqimektebi.az\/#\/schema\/logo\/image\/\",\"url\":\"https:\/\/musiqimektebi.az\/wp-content\/uploads\/2025\/03\/cropped-pngwing.com_.png\",\"contentUrl\":\"https:\/\/musiqimektebi.az\/wp-content\/uploads\/2025\/03\/cropped-pngwing.com_.png\",\"width\":512,\"height\":512,\"caption\":\"Fidan Hac\u0131yeva'n\u0131n Vokal Musiqi M\u0259kt\u0259bi\"},\"image\":{\"@id\":\"https:\/\/musiqimektebi.az\/#\/schema\/logo\/image\/\"}}]}<\/script>\n<!-- \/ Yoast SEO plugin. -->","yoast_head_json":{"title":"\u018flaq\u0259 - Fidan Hac\u0131yeva&#039;n\u0131n Vokal Musiqi M\u0259kt\u0259bi","robots":{"index":"index","follow":"follow","max-snippet":"max-snippet:-1","max-image-preview":"max-image-preview:large","max-video-preview":"max-video-preview:-1"},"canonical":"https:\/\/musiqimektebi.az\/ru\/elaq\u0259\/","og_locale":"ru_RU","og_type":"article","og_title":"\u018flaq\u0259 - Fidan Hac\u0131yeva&#039;n\u0131n Vokal Musiqi M\u0259kt\u0259bi","og_description":"Biziml\u0259 \u018flaq\u0259 Sizin suallar\u0131n\u0131z\u0131 dinl\u0259m\u0259y\u0259 v\u0259 musiqi d\u00fcnyas\u0131nda siz\u0259 yol g\u00f6st\u0259rm\u0259y\u0259 haz\u0131r\u0131q! \ud83d\udccd Biziml\u0259 \u0259laq\u0259 saxlay\u0131n v\u0259 s\u0259n\u0259t yolculu\u011funuzu biziml\u0259 ba\u015flay\u0131n! \ud83c\udfb6\u2728","og_url":"https:\/\/musiqimektebi.az\/ru\/elaq\u0259\/","og_site_name":"Fidan Hac\u0131yeva&#039;n\u0131n Vokal Musiqi M\u0259kt\u0259bi","article_modified_time":"2025-04-08T09:04:06+00:00","twitter_card":"summary_large_image","twitter_misc":{"\u041f\u0440\u0438\u043c\u0435\u0440\u043d\u043e\u0435 \u0432\u0440\u0435\u043c\u044f \u0434\u043b\u044f \u0447\u0442\u0435\u043d\u0438\u044f":"1 \u043c\u0438\u043d\u0443\u0442\u0430"},"schema":{"@context":"https:\/\/schema.org","@graph":[{"@type":"WebPage","@id":"https:\/\/musiqimektebi.az\/elaq%c9%99\/","url":"https:\/\/musiqimektebi.az\/elaq%c9%99\/","name":"\u018flaq\u0259 - Fidan Hac\u0131yeva&#039;n\u0131n Vokal Musiqi M\u0259kt\u0259bi","isPartOf":{"@id":"https:\/\/musiqimektebi.az\/#website"},"datePublished":"2025-03-12T17:33:22+00:00","dateModified":"2025-04-08T09:04:06+00:00","breadcrumb":{"@id":"https:\/\/musiqimektebi.az\/elaq%c9%99\/#breadcrumb"},"inLanguage":"ru-RU","potentialAction":[{"@type":"ReadAction","target":["https:\/\/musiqimektebi.az\/elaq%c9%99\/"]}]},{"@type":"BreadcrumbList","@id":"https:\/\/musiqimektebi.az\/elaq%c9%99\/#breadcrumb","itemListElement":[{"@type":"ListItem","position":1,"name":"Home","item":"https:\/\/musiqimektebi.az\/"},{"@type":"ListItem","position":2,"name":"\u018flaq\u0259"}]},{"@type":"WebSite","@id":"https:\/\/musiqimektebi.az\/#website","url":"https:\/\/musiqimektebi.az\/","name":"Fidan Hac\u0131yeva'n\u0131n Vokal Musiqi M\u0259kt\u0259bi","description":"","publisher":{"@id":"https:\/\/musiqimektebi.az\/#organization"},"potentialAction":[{"@type":"SearchAction","target":{"@type":"EntryPoint","urlTemplate":"https:\/\/musiqimektebi.az\/?s={search_term_string}"},"query-input":{"@type":"PropertyValueSpecification","valueRequired":true,"valueName":"search_term_string"}}],"inLanguage":"ru-RU"},{"@type":"Organization","@id":"https:\/\/musiqimektebi.az\/#organization","name":"Fidan Hac\u0131yeva'n\u0131n Vokal Musiqi M\u0259kt\u0259bi","url":"https:\/\/musiqimektebi.az\/","logo":{"@type":"ImageObject","inLanguage":"ru-RU","@id":"https:\/\/musiqimektebi.az\/#\/schema\/logo\/image\/","url":"https:\/\/musiqimektebi.az\/wp-content\/uploads\/2025\/03\/cropped-pngwing.com_.png","contentUrl":"https:\/\/musiqimektebi.az\/wp-content\/uploads\/2025\/03\/cropped-pngwing.com_.png","width":512,"height":512,"caption":"Fidan Hac\u0131yeva'n\u0131n Vokal Musiqi M\u0259kt\u0259bi"},"image":{"@id":"https:\/\/musiqimektebi.az\/#\/schema\/logo\/image\/"}}]}},"_links":{"self":[{"href":"https:\/\/musiqimektebi.az\/ru\/wp-json\/wp\/v2\/pages\/120","targetHints":{"allow":["GET"]}}],"collection":[{"href":"https:\/\/musiqimektebi.az\/ru\/wp-json\/wp\/v2\/pages"}],"about":[{"href":"https:\/\/musiqimektebi.az\/ru\/wp-json\/wp\/v2\/types\/page"}],"author":[{"embeddable":true,"href":"https:\/\/musiqimektebi.az\/ru\/wp-json\/wp\/v2\/users\/1"}],"replies":[{"embeddable":true,"href":"https:\/\/musiqimektebi.az\/ru\/wp-json\/wp\/v2\/comments?post=120"}],"version-history":[{"count":31,"href":"https:\/\/musiqimektebi.az\/ru\/wp-json\/wp\/v2\/pages\/120\/revisions"}],"predecessor-version":[{"id":437,"href":"https:\/\/musiqimektebi.az\/ru\/wp-json\/wp\/v2\/pages\/120\/revisions\/437"}],"wp:attachment":[{"href":"https:\/\/musiqimektebi.az\/ru\/wp-json\/wp\/v2\/media?parent=120"}],"curies":[{"name":"wp","href":"https:\/\/api.w.org\/{rel}","templated":true}]}}