{"id":112,"date":"2025-03-12T17:32:34","date_gmt":"2025-03-12T17:32:34","guid":{"rendered":"https:\/\/musiqimektebi.az\/?page_id=112"},"modified":"2025-03-13T14:39:14","modified_gmt":"2025-03-13T14:39:14","slug":"konsert-zali","status":"publish","type":"page","link":"https:\/\/musiqimektebi.az\/ru\/%d0%ba%d0%be%d0%bd%d1%86%d0%b5%d1%80%d1%82%d0%bd%d1%8b%d0%b9-%d0%b7%d0%b0%d0%bb\/","title":{"rendered":"\u041a\u043e\u043d\u0446\u0435\u0440\u0442\u043d\u044b\u0439 \u0437\u0430\u043b"},"content":{"rendered":"<div data-elementor-type=\"wp-page\" data-elementor-id=\"112\" class=\"elementor elementor-112\" data-elementor-post-type=\"page\">\n\t\t\t\t<div class=\"elementor-element elementor-element-58906a8 e-flex e-con-boxed e-con e-parent\" data-id=\"58906a8\" data-element_type=\"container\" data-settings=\"{&quot;background_background&quot;:&quot;classic&quot;}\">\n\t\t\t\t\t<div class=\"e-con-inner\">\n\t\t<div class=\"elementor-element elementor-element-0e60586 e-con-full e-flex e-con e-child\" data-id=\"0e60586\" data-element_type=\"container\">\n\t\t<div class=\"elementor-element elementor-element-d663190 e-con-full e-flex e-con e-child\" data-id=\"d663190\" data-element_type=\"container\">\n\t\t\t\t<div class=\"elementor-element elementor-element-520f5f1 elementor-invisible elementor-widget elementor-widget-heading\" data-id=\"520f5f1\" data-element_type=\"widget\" data-settings=\"{&quot;_animation&quot;:&quot;fadeInDown&quot;}\" data-widget_type=\"heading.default\">\n\t\t\t\t<div class=\"elementor-widget-container\">\n\t\t\t\t\t<h1 class=\"elementor-heading-title elementor-size-default\">\u041a\u043e\u043d\u0446\u0435\u0440\u0442\u043d\u044b\u0439 \u0437\u0430\u043b<\/h1>\t\t\t\t<\/div>\n\t\t\t\t<\/div>\n\t\t\t\t<div class=\"elementor-element elementor-element-f79810e elementor-widget elementor-widget-text-editor\" data-id=\"f79810e\" data-element_type=\"widget\" data-widget_type=\"text-editor.default\">\n\t\t\t\t<div class=\"elementor-widget-container\">\n\t\t\t\t\t\t\t\t\t<p data-start=\"23\" data-end=\"235\">\u041c\u0430\u0433\u0438\u044f \u043d\u0430 \u0441\u0446\u0435\u043d\u0435, \u0441\u0442\u0440\u0430\u0441\u0442\u044c \u0432 \u043a\u0430\u0436\u0434\u043e\u0439 \u043d\u043e\u0442\u0435! \u2728 \u041a\u043e\u043d\u0446\u0435\u0440\u0442\u043d\u044b\u0439 \u0437\u0430\u043b \u0438\u043c\u0435\u043d\u0438 \u0424\u0438\u0434\u0430\u043d \u0413\u0430\u0434\u0436\u0438\u0435\u0432\u043e\u0439 \u043f\u0440\u0438\u0433\u043b\u0430\u0448\u0430\u0435\u0442 \u043b\u044e\u0431\u0438\u0442\u0435\u043b\u0435\u0439 \u043c\u0443\u0437\u044b\u043a\u0438 \u043d\u0430 \u043d\u0435\u0437\u0430\u0431\u044b\u0432\u0430\u0435\u043c\u044b\u0435 \u0432\u0435\u0447\u0435\u0440\u0430. \u0412 \u044d\u0442\u043e\u043c \u0437\u0430\u043b\u0435 \u0441 \u0438\u0434\u0435\u0430\u043b\u044c\u043d\u043e\u0439 \u0430\u043a\u0443\u0441\u0442\u0438\u043a\u043e\u0439 \u0432\u0430\u0441 \u0436\u0434\u0443\u0442 \u043e\u043f\u0435\u0440\u0430, \u043a\u043b\u0430\u0441\u0441\u0438\u0447\u0435\u0441\u043a\u0430\u044f \u043c\u0443\u0437\u044b\u043a\u0430 \u0438 \u0437\u0430\u0445\u0432\u0430\u0442\u044b\u0432\u0430\u044e\u0449\u0438\u0435 \u0436\u0438\u0432\u044b\u0435 \u0432\u044b\u0441\u0442\u0443\u043f\u043b\u0435\u043d\u0438\u044f.<\/p><p data-start=\"237\" data-end=\"415\">\u0411\u0443\u0434\u044c \u0442\u043e \u0441\u043e\u043b\u044c\u043d\u044b\u0435 \u043a\u043e\u043d\u0446\u0435\u0440\u0442\u044b \u0438\u043b\u0438 \u043e\u0440\u043a\u0435\u0441\u0442\u0440\u043e\u0432\u044b\u0435 \u0432\u044b\u0441\u0442\u0443\u043f\u043b\u0435\u043d\u0438\u044f \u2014 \u043a\u0430\u0436\u0434\u043e\u0435 \u0432\u044b\u0441\u0442\u0443\u043f\u043b\u0435\u043d\u0438\u0435 \u0437\u0434\u0435\u0441\u044c \u043e\u0442\u0440\u0430\u0436\u0430\u0435\u0442 \u043b\u044e\u0431\u043e\u0432\u044c \u043a \u0438\u0441\u043a\u0443\u0441\u0441\u0442\u0432\u0443. \u041f\u0440\u0438\u0441\u043e\u0435\u0434\u0438\u043d\u044f\u0439\u0442\u0435\u0441\u044c \u043a \u043d\u0430\u043c, \u0447\u0442\u043e\u0431\u044b \u043e\u0449\u0443\u0442\u0438\u0442\u044c \u043c\u0430\u0433\u0438\u044e \u0441\u0446\u0435\u043d\u044b \u0438 \u043f\u0435\u0440\u0435\u0436\u0438\u0442\u044c \u043c\u043e\u043c\u0435\u043d\u0442\u044b, \u043d\u0430\u043f\u043e\u043b\u043d\u0435\u043d\u043d\u044b\u0435 \u043c\u0443\u0437\u044b\u043a\u043e\u0439!<\/p>\t\t\t\t\t\t\t\t<\/div>\n\t\t\t\t<\/div>\n\t\t\t\t<div class=\"elementor-element elementor-element-d14e38e elementor-align-justify elementor-widget elementor-widget-button\" data-id=\"d14e38e\" data-element_type=\"widget\" data-widget_type=\"button.default\">\n\t\t\t\t<div class=\"elementor-widget-container\">\n\t\t\t\t\t\t\t\t\t<div class=\"elementor-button-wrapper\">\n\t\t\t\t\t<a class=\"elementor-button elementor-button-link elementor-size-sm elementor-animation-grow\" href=\"#elementor-action%3Aaction%3Dpopup%3Aopen%26settings%3DeyJpZCI6IjI3NSIsInRvZ2dsZSI6ZmFsc2V9\">\n\t\t\t\t\t\t<span class=\"elementor-button-content-wrapper\">\n\t\t\t\t\t\t\t\t\t<span class=\"elementor-button-text\">\u041a\u043e\u043d\u0442\u0430\u043a\u0442<\/span>\n\t\t\t\t\t<\/span>\n\t\t\t\t\t<\/a>\n\t\t\t\t<\/div>\n\t\t\t\t\t\t\t\t<\/div>\n\t\t\t\t<\/div>\n\t\t\t\t<\/div>\n\t\t<div class=\"elementor-element elementor-element-bc71193 e-con-full e-flex e-con e-child\" data-id=\"bc71193\" data-element_type=\"container\">\n\t\t\t\t<div class=\"elementor-element elementor-element-0119e8d elementor-widget elementor-widget-video\" data-id=\"0119e8d\" data-element_type=\"widget\" data-settings=\"{&quot;video_type&quot;:&quot;hosted&quot;,&quot;autoplay&quot;:&quot;yes&quot;,&quot;play_on_mobile&quot;:&quot;yes&quot;,&quot;mute&quot;:&quot;yes&quot;,&quot;loop&quot;:&quot;yes&quot;}\" data-widget_type=\"video.default\">\n\t\t\t\t<div class=\"elementor-widget-container\">\n\t\t\t\t\t\t\t<div class=\"e-hosted-video elementor-wrapper elementor-open-inline\">\n\t\t\t\t\t<video class=\"elementor-video\" src=\"https:\/\/musiqimektebi.az\/wp-content\/uploads\/2025\/03\/DGLnzN_NDAa.mp4\" autoplay=\"\" loop=\"\" muted=\"muted\" playsinline=\"\" controlslist=\"nodownload\"><\/video>\n\t\t\t\t<\/div>\n\t\t\t\t\t\t<\/div>\n\t\t\t\t<\/div>\n\t\t\t\t<\/div>\n\t\t\t\t<\/div>\n\t\t\t\t\t<\/div>\n\t\t\t\t<\/div>\n\t\t<div class=\"elementor-element elementor-element-d9ed59a e-flex e-con-boxed e-con e-parent\" data-id=\"d9ed59a\" data-element_type=\"container\" data-settings=\"{&quot;background_background&quot;:&quot;classic&quot;}\">\n\t\t\t\t\t<div class=\"e-con-inner\">\n\t\t\t\t\t<\/div>\n\t\t\t\t<\/div>\n\t\t\t\t<\/div>","protected":false},"excerpt":{"rendered":"<p>\u041a\u043e\u043d\u0446\u0435\u0440\u0442\u043d\u044b\u0439 \u0437\u0430\u043b \u041c\u0430\u0433\u0438\u044f \u043d\u0430 \u0441\u0446\u0435\u043d\u0435, \u0441\u0442\u0440\u0430\u0441\u0442\u044c \u0432 \u043a\u0430\u0436\u0434\u043e\u0439 \u043d\u043e\u0442\u0435! \u2728 \u041a\u043e\u043d\u0446\u0435\u0440\u0442\u043d\u044b\u0439 \u0437\u0430\u043b \u0438\u043c\u0435\u043d\u0438 \u0424\u0438\u0434\u0430\u043d \u0413\u0430\u0434\u0436\u0438\u0435\u0432\u043e\u0439 \u043f\u0440\u0438\u0433\u043b\u0430\u0448\u0430\u0435\u0442 \u043b\u044e\u0431\u0438\u0442\u0435\u043b\u0435\u0439 \u043c\u0443\u0437\u044b\u043a\u0438 \u043d\u0430 \u043d\u0435\u0437\u0430\u0431\u044b\u0432\u0430\u0435\u043c\u044b\u0435 \u0432\u0435\u0447\u0435\u0440\u0430. \u0412 \u044d\u0442\u043e\u043c \u0437\u0430\u043b\u0435 \u0441 \u0438\u0434\u0435\u0430\u043b\u044c\u043d\u043e\u0439 \u0430\u043a\u0443\u0441\u0442\u0438\u043a\u043e\u0439 \u0432\u0430\u0441 \u0436\u0434\u0443\u0442 \u043e\u043f\u0435\u0440\u0430, \u043a\u043b\u0430\u0441\u0441\u0438\u0447\u0435\u0441\u043a\u0430\u044f \u043c\u0443\u0437\u044b\u043a\u0430 \u0438 \u0437\u0430\u0445\u0432\u0430\u0442\u044b\u0432\u0430\u044e\u0449\u0438\u0435 \u0436\u0438\u0432\u044b\u0435 \u0432\u044b\u0441\u0442\u0443\u043f\u043b\u0435\u043d\u0438\u044f. \u0411\u0443\u0434\u044c \u0442\u043e \u0441\u043e\u043b\u044c\u043d\u044b\u0435 \u043a\u043e\u043d\u0446\u0435\u0440\u0442\u044b \u0438\u043b\u0438 \u0432\u044b\u0441\u0442\u0443\u043f\u043b\u0435\u043d\u0438\u044f \u043e\u0440\u043a\u0435\u0441\u0442\u0440\u0430, \u043a\u0430\u0436\u0434\u043e\u0435 \u0432\u044b\u0441\u0442\u0443\u043f\u043b\u0435\u043d\u0438\u0435 \u0437\u0434\u0435\u0441\u044c \u043e\u0442\u0440\u0430\u0436\u0430\u0435\u0442 \u043b\u044e\u0431\u043e\u0432\u044c \u043a \u0438\u0441\u043a\u0443\u0441\u0441\u0442\u0432\u0443. \u041e\u0449\u0443\u0449\u0435\u043d\u0438\u0435 \u043c\u0430\u0433\u0438\u0438 \u0441\u0446\u0435\u043d\u044b \u0438 \u043c\u043e\u043c\u0435\u043d\u0442\u043e\u0432, \u043d\u0430\u043f\u043e\u043b\u043d\u0435\u043d\u043d\u044b\u0445 \u043c\u0443\u0437\u044b\u043a\u043e\u0439 [\u2026]<\/p>","protected":false},"author":1,"featured_media":0,"parent":0,"menu_order":0,"comment_status":"closed","ping_status":"closed","template":"elementor_header_footer","meta":{"_acf_changed":false,"footnotes":""},"class_list":["post-112","page","type-page","status-publish","hentry"],"acf":[],"yoast_head":"<!-- This site is optimized with the Yoast SEO plugin v24.8.1 - https:\/\/yoast.com\/wordpress\/plugins\/seo\/ -->\n<title>Konsert Zal\u0131 - Fidan Hac\u0131yeva&#039;n\u0131n Vokal Musiqi M\u0259kt\u0259bi<\/title>\n<meta name=\"robots\" content=\"index, follow, max-snippet:-1, max-image-preview:large, max-video-preview:-1\" \/>\n<link rel=\"canonical\" href=\"https:\/\/musiqimektebi.az\/ru\/\u043a\u043e\u043d\u0446\u0435\u0440\u0442\u043d\u044b\u0439-\u0437\u0430\u043b\/\" \/>\n<meta property=\"og:locale\" content=\"ru_RU\" \/>\n<meta property=\"og:type\" content=\"article\" \/>\n<meta property=\"og:title\" content=\"Konsert Zal\u0131 - Fidan Hac\u0131yeva&#039;n\u0131n Vokal Musiqi M\u0259kt\u0259bi\" \/>\n<meta property=\"og:description\" content=\"Konsert Zal\u0131 S\u0259hn\u0259d\u0259 sehr, h\u0259r notda ehtiras! \u2728 Fidan Hac\u0131yeva Konsert Zal\u0131 musiqisev\u0259rl\u0259ri unudulmaz gec\u0259l\u0259r\u0259 d\u0259v\u0259t edir. Akustikas\u0131 m\u00fck\u0259mm\u0259l olan bu m\u0259kanda opera, klassik musiqi v\u0259 m\u00f6ht\u0259\u015f\u0259m canl\u0131 ifalar sizl\u0259ri g\u00f6zl\u0259yir. \u0130st\u0259r solo konsertl\u0259r, ist\u0259r orkestr \u00e7\u0131x\u0131\u015flar\u0131 \u2013 burada h\u0259r bir ifa s\u0259n\u0259t\u0259 olan sevgini \u0259ks etdirir. S\u0259hn\u0259nin sehrini hiss etm\u0259k v\u0259 musiqi dolu anlar [&hellip;]\" \/>\n<meta property=\"og:url\" content=\"https:\/\/musiqimektebi.az\/ru\/\u043a\u043e\u043d\u0446\u0435\u0440\u0442\u043d\u044b\u0439-\u0437\u0430\u043b\/\" \/>\n<meta property=\"og:site_name\" content=\"Fidan Hac\u0131yeva&#039;n\u0131n Vokal Musiqi M\u0259kt\u0259bi\" \/>\n<meta property=\"article:modified_time\" content=\"2025-03-13T14:39:14+00:00\" \/>\n<meta name=\"twitter:card\" content=\"summary_large_image\" \/>\n<script type=\"application\/ld+json\" class=\"yoast-schema-graph\">{\"@context\":\"https:\/\/schema.org\",\"@graph\":[{\"@type\":\"WebPage\",\"@id\":\"https:\/\/musiqimektebi.az\/konsert-zali\/\",\"url\":\"https:\/\/musiqimektebi.az\/konsert-zali\/\",\"name\":\"Konsert Zal\u0131 - Fidan Hac\u0131yeva&#039;n\u0131n Vokal Musiqi M\u0259kt\u0259bi\",\"isPartOf\":{\"@id\":\"https:\/\/musiqimektebi.az\/#website\"},\"datePublished\":\"2025-03-12T17:32:34+00:00\",\"dateModified\":\"2025-03-13T14:39:14+00:00\",\"breadcrumb\":{\"@id\":\"https:\/\/musiqimektebi.az\/konsert-zali\/#breadcrumb\"},\"inLanguage\":\"ru-RU\",\"potentialAction\":[{\"@type\":\"ReadAction\",\"target\":[\"https:\/\/musiqimektebi.az\/konsert-zali\/\"]}]},{\"@type\":\"BreadcrumbList\",\"@id\":\"https:\/\/musiqimektebi.az\/konsert-zali\/#breadcrumb\",\"itemListElement\":[{\"@type\":\"ListItem\",\"position\":1,\"name\":\"Home\",\"item\":\"https:\/\/musiqimektebi.az\/\"},{\"@type\":\"ListItem\",\"position\":2,\"name\":\"Konsert Zal\u0131\"}]},{\"@type\":\"WebSite\",\"@id\":\"https:\/\/musiqimektebi.az\/#website\",\"url\":\"https:\/\/musiqimektebi.az\/\",\"name\":\"Fidan Hac\u0131yeva'n\u0131n Vokal Musiqi M\u0259kt\u0259bi\",\"description\":\"\",\"publisher\":{\"@id\":\"https:\/\/musiqimektebi.az\/#organization\"},\"potentialAction\":[{\"@type\":\"SearchAction\",\"target\":{\"@type\":\"EntryPoint\",\"urlTemplate\":\"https:\/\/musiqimektebi.az\/?s={search_term_string}\"},\"query-input\":{\"@type\":\"PropertyValueSpecification\",\"valueRequired\":true,\"valueName\":\"search_term_string\"}}],\"inLanguage\":\"ru-RU\"},{\"@type\":\"Organization\",\"@id\":\"https:\/\/musiqimektebi.az\/#organization\",\"name\":\"Fidan Hac\u0131yeva'n\u0131n Vokal Musiqi M\u0259kt\u0259bi\",\"url\":\"https:\/\/musiqimektebi.az\/\",\"logo\":{\"@type\":\"ImageObject\",\"inLanguage\":\"ru-RU\",\"@id\":\"https:\/\/musiqimektebi.az\/#\/schema\/logo\/image\/\",\"url\":\"https:\/\/musiqimektebi.az\/wp-content\/uploads\/2025\/03\/cropped-pngwing.com_.png\",\"contentUrl\":\"https:\/\/musiqimektebi.az\/wp-content\/uploads\/2025\/03\/cropped-pngwing.com_.png\",\"width\":512,\"height\":512,\"caption\":\"Fidan Hac\u0131yeva'n\u0131n Vokal Musiqi M\u0259kt\u0259bi\"},\"image\":{\"@id\":\"https:\/\/musiqimektebi.az\/#\/schema\/logo\/image\/\"}}]}<\/script>\n<!-- \/ Yoast SEO plugin. -->","yoast_head_json":{"title":"Konsert Zal\u0131 - Fidan Hac\u0131yeva&#039;n\u0131n Vokal Musiqi M\u0259kt\u0259bi","robots":{"index":"index","follow":"follow","max-snippet":"max-snippet:-1","max-image-preview":"max-image-preview:large","max-video-preview":"max-video-preview:-1"},"canonical":"https:\/\/musiqimektebi.az\/ru\/\u043a\u043e\u043d\u0446\u0435\u0440\u0442\u043d\u044b\u0439-\u0437\u0430\u043b\/","og_locale":"ru_RU","og_type":"article","og_title":"Konsert Zal\u0131 - Fidan Hac\u0131yeva&#039;n\u0131n Vokal Musiqi M\u0259kt\u0259bi","og_description":"Konsert Zal\u0131 S\u0259hn\u0259d\u0259 sehr, h\u0259r notda ehtiras! \u2728 Fidan Hac\u0131yeva Konsert Zal\u0131 musiqisev\u0259rl\u0259ri unudulmaz gec\u0259l\u0259r\u0259 d\u0259v\u0259t edir. Akustikas\u0131 m\u00fck\u0259mm\u0259l olan bu m\u0259kanda opera, klassik musiqi v\u0259 m\u00f6ht\u0259\u015f\u0259m canl\u0131 ifalar sizl\u0259ri g\u00f6zl\u0259yir. \u0130st\u0259r solo konsertl\u0259r, ist\u0259r orkestr \u00e7\u0131x\u0131\u015flar\u0131 \u2013 burada h\u0259r bir ifa s\u0259n\u0259t\u0259 olan sevgini \u0259ks etdirir. S\u0259hn\u0259nin sehrini hiss etm\u0259k v\u0259 musiqi dolu anlar [&hellip;]","og_url":"https:\/\/musiqimektebi.az\/ru\/\u043a\u043e\u043d\u0446\u0435\u0440\u0442\u043d\u044b\u0439-\u0437\u0430\u043b\/","og_site_name":"Fidan Hac\u0131yeva&#039;n\u0131n Vokal Musiqi M\u0259kt\u0259bi","article_modified_time":"2025-03-13T14:39:14+00:00","twitter_card":"summary_large_image","schema":{"@context":"https:\/\/schema.org","@graph":[{"@type":"WebPage","@id":"https:\/\/musiqimektebi.az\/konsert-zali\/","url":"https:\/\/musiqimektebi.az\/konsert-zali\/","name":"Konsert Zal\u0131 - Fidan Hac\u0131yeva&#039;n\u0131n Vokal Musiqi M\u0259kt\u0259bi","isPartOf":{"@id":"https:\/\/musiqimektebi.az\/#website"},"datePublished":"2025-03-12T17:32:34+00:00","dateModified":"2025-03-13T14:39:14+00:00","breadcrumb":{"@id":"https:\/\/musiqimektebi.az\/konsert-zali\/#breadcrumb"},"inLanguage":"ru-RU","potentialAction":[{"@type":"ReadAction","target":["https:\/\/musiqimektebi.az\/konsert-zali\/"]}]},{"@type":"BreadcrumbList","@id":"https:\/\/musiqimektebi.az\/konsert-zali\/#breadcrumb","itemListElement":[{"@type":"ListItem","position":1,"name":"Home","item":"https:\/\/musiqimektebi.az\/"},{"@type":"ListItem","position":2,"name":"Konsert Zal\u0131"}]},{"@type":"WebSite","@id":"https:\/\/musiqimektebi.az\/#website","url":"https:\/\/musiqimektebi.az\/","name":"Fidan Hac\u0131yeva'n\u0131n Vokal Musiqi M\u0259kt\u0259bi","description":"","publisher":{"@id":"https:\/\/musiqimektebi.az\/#organization"},"potentialAction":[{"@type":"SearchAction","target":{"@type":"EntryPoint","urlTemplate":"https:\/\/musiqimektebi.az\/?s={search_term_string}"},"query-input":{"@type":"PropertyValueSpecification","valueRequired":true,"valueName":"search_term_string"}}],"inLanguage":"ru-RU"},{"@type":"Organization","@id":"https:\/\/musiqimektebi.az\/#organization","name":"Fidan Hac\u0131yeva'n\u0131n Vokal Musiqi M\u0259kt\u0259bi","url":"https:\/\/musiqimektebi.az\/","logo":{"@type":"ImageObject","inLanguage":"ru-RU","@id":"https:\/\/musiqimektebi.az\/#\/schema\/logo\/image\/","url":"https:\/\/musiqimektebi.az\/wp-content\/uploads\/2025\/03\/cropped-pngwing.com_.png","contentUrl":"https:\/\/musiqimektebi.az\/wp-content\/uploads\/2025\/03\/cropped-pngwing.com_.png","width":512,"height":512,"caption":"Fidan Hac\u0131yeva'n\u0131n Vokal Musiqi M\u0259kt\u0259bi"},"image":{"@id":"https:\/\/musiqimektebi.az\/#\/schema\/logo\/image\/"}}]}},"_links":{"self":[{"href":"https:\/\/musiqimektebi.az\/ru\/wp-json\/wp\/v2\/pages\/112","targetHints":{"allow":["GET"]}}],"collection":[{"href":"https:\/\/musiqimektebi.az\/ru\/wp-json\/wp\/v2\/pages"}],"about":[{"href":"https:\/\/musiqimektebi.az\/ru\/wp-json\/wp\/v2\/types\/page"}],"author":[{"embeddable":true,"href":"https:\/\/musiqimektebi.az\/ru\/wp-json\/wp\/v2\/users\/1"}],"replies":[{"embeddable":true,"href":"https:\/\/musiqimektebi.az\/ru\/wp-json\/wp\/v2\/comments?post=112"}],"version-history":[{"count":13,"href":"https:\/\/musiqimektebi.az\/ru\/wp-json\/wp\/v2\/pages\/112\/revisions"}],"predecessor-version":[{"id":284,"href":"https:\/\/musiqimektebi.az\/ru\/wp-json\/wp\/v2\/pages\/112\/revisions\/284"}],"wp:attachment":[{"href":"https:\/\/musiqimektebi.az\/ru\/wp-json\/wp\/v2\/media?parent=112"}],"curies":[{"name":"wp","href":"https:\/\/api.w.org\/{rel}","templated":true}]}}