{"id":110,"date":"2025-03-12T17:32:13","date_gmt":"2025-03-12T17:32:13","guid":{"rendered":"https:\/\/musiqimektebi.az\/?page_id=110"},"modified":"2025-03-13T14:42:03","modified_gmt":"2025-03-13T14:42:03","slug":"musiqi-m%c9%99kt%c9%99bi","status":"publish","type":"page","link":"https:\/\/musiqimektebi.az\/ru\/%d0%bc%d1%83%d0%b7%d1%8b%d0%ba%d0%b0-m%c9%99kt%c9%99bi\/","title":{"rendered":"\u041c\u0443\u0437\u044b\u043a\u0430\u043b\u044c\u043d\u0430\u044f \u0448\u043a\u043e\u043b\u0430"},"content":{"rendered":"<div data-elementor-type=\"wp-page\" data-elementor-id=\"110\" class=\"elementor elementor-110\" data-elementor-post-type=\"page\">\n\t\t\t\t<div class=\"elementor-element elementor-element-43fea99 e-flex e-con-boxed e-con e-parent\" data-id=\"43fea99\" data-element_type=\"container\" data-settings=\"{&quot;background_background&quot;:&quot;classic&quot;}\">\n\t\t\t\t\t<div class=\"e-con-inner\">\n\t\t<div class=\"elementor-element elementor-element-1958d81 e-con-full e-flex e-con e-child\" data-id=\"1958d81\" data-element_type=\"container\">\n\t\t<div class=\"elementor-element elementor-element-4ae78a2 e-con-full e-flex e-con e-child\" data-id=\"4ae78a2\" data-element_type=\"container\">\n\t\t\t\t<div class=\"elementor-element elementor-element-de80bb1 elementor-invisible elementor-widget elementor-widget-heading\" data-id=\"de80bb1\" data-element_type=\"widget\" data-settings=\"{&quot;_animation&quot;:&quot;fadeInDown&quot;}\" data-widget_type=\"heading.default\">\n\t\t\t\t<div class=\"elementor-widget-container\">\n\t\t\t\t\t<h1 class=\"elementor-heading-title elementor-size-default\">\u041c\u0443\u0437\u044b\u043a\u0430\u043b\u044c\u043d\u0430\u044f \u0448\u043a\u043e\u043b\u0430<\/h1>\t\t\t\t<\/div>\n\t\t\t\t<\/div>\n\t\t\t\t<div class=\"elementor-element elementor-element-6b7735f elementor-widget elementor-widget-text-editor\" data-id=\"6b7735f\" data-element_type=\"widget\" data-widget_type=\"text-editor.default\">\n\t\t\t\t<div class=\"elementor-widget-container\">\n\t\t\t\t\t\t\t\t\t<p data-start=\"25\" data-end=\"194\">\u041f\u043e\u0432\u044b\u0441\u044c\u0442\u0435 \u0441\u0432\u043e\u0439 \u0433\u043e\u043b\u043e\u0441, \u043f\u043e\u0447\u0443\u0432\u0441\u0442\u0432\u0443\u0439\u0442\u0435 \u0438\u0441\u043a\u0443\u0441\u0441\u0442\u0432\u043e! \ud83c\udfb6 \u041c\u0443\u0437\u044b\u043a\u0430\u043b\u044c\u043d\u0430\u044f \u0448\u043a\u043e\u043b\u0430 \u0438\u043c\u0435\u043d\u0438 \u0424\u0438\u0434\u0430\u043d \u0413\u0430\u0434\u0436\u0438\u0435\u0432\u043e\u0439 \u0434\u0430\u0435\u0442 \u0432\u043e\u0437\u043c\u043e\u0436\u043d\u043e\u0441\u0442\u044c \u0440\u0430\u0441\u043a\u0440\u044b\u0442\u044c \u0438 \u0440\u0430\u0437\u0432\u0438\u0442\u044c \u0441\u0432\u043e\u0439 \u0442\u0430\u043b\u0430\u043d\u0442 \u043f\u043e\u0441\u0440\u0435\u0434\u0441\u0442\u0432\u043e\u043c \u043f\u0440\u043e\u0444\u0435\u0441\u0441\u0438\u043e\u043d\u0430\u043b\u044c\u043d\u043e\u0433\u043e \u0432\u043e\u043a\u0430\u043b\u044c\u043d\u043e\u0433\u043e \u0438 \u043c\u0443\u0437\u044b\u043a\u0430\u043b\u044c\u043d\u043e\u0433\u043e \u043e\u0431\u0440\u0430\u0437\u043e\u0432\u0430\u043d\u0438\u044f.<\/p><p data-start=\"196\" data-end=\"420\">\u0411\u0435\u0440\u0438\u0442\u0435 \u0443\u0440\u043e\u043a\u0438 \u0443 \u043e\u043f\u044b\u0442\u043d\u044b\u0445 \u043f\u0440\u0435\u043f\u043e\u0434\u0430\u0432\u0430\u0442\u0435\u043b\u0435\u0439 \u043e\u043f\u0435\u0440\u044b, \u043a\u043b\u0430\u0441\u0441\u0438\u0447\u0435\u0441\u043a\u043e\u0433\u043e \u0432\u043e\u043a\u0430\u043b\u0430, \u0442\u0435\u043e\u0440\u0438\u0438 \u043c\u0443\u0437\u044b\u043a\u0438 \u0438 \u0441\u0446\u0435\u043d\u0438\u0447\u0435\u0441\u043a\u043e\u0439 \u043a\u0443\u043b\u044c\u0442\u0443\u0440\u044b. \u0425\u043e\u0442\u0438\u0442\u0435 \u043b\u0438 \u0432\u044b \u0441\u0442\u0430\u0442\u044c \u043f\u0440\u043e\u0444\u0435\u0441\u0441\u0438\u043e\u043d\u0430\u043b\u044c\u043d\u044b\u043c \u0438\u0441\u043f\u043e\u043b\u043d\u0438\u0442\u0435\u043b\u0435\u043c \u0438\u043b\u0438 \u0440\u0430\u0437\u0432\u0438\u0432\u0430\u0442\u044c\u0441\u044f \u043a\u0430\u043a \u0430\u0440\u0442\u0438\u0441\u0442, \u043b\u044e\u0431\u044f\u0449\u0438\u0439 \u043c\u0443\u0437\u044b\u043a\u0443, \u0432\u044b \u043f\u043e\u043f\u0430\u043b\u0438 \u043f\u043e \u0430\u0434\u0440\u0435\u0441\u0443!<\/p><p data-start=\"422\" data-end=\"485\" data-is-last-node=\"\" data-is-only-node=\"\">\ud83d\udccd <strong data-start=\"425\" data-end=\"481\">\u041f\u0440\u0438\u0441\u043e\u0435\u0434\u0438\u043d\u044f\u0439\u0442\u0435\u0441\u044c \u043a \u043d\u0430\u043c \u0438 \u043d\u0430\u0439\u0434\u0438\u0442\u0435 \u0441\u0432\u043e\u0435 \u043c\u0435\u0441\u0442\u043e \u0432 \u043c\u0438\u0440\u0435 \u043c\u0443\u0437\u044b\u043a\u0438!<\/strong> \ud83c\udfa4\u2728<\/p>\t\t\t\t\t\t\t\t<\/div>\n\t\t\t\t<\/div>\n\t\t\t\t<div class=\"elementor-element elementor-element-53727dc elementor-align-justify elementor-widget elementor-widget-button\" data-id=\"53727dc\" data-element_type=\"widget\" data-widget_type=\"button.default\">\n\t\t\t\t<div class=\"elementor-widget-container\">\n\t\t\t\t\t\t\t\t\t<div class=\"elementor-button-wrapper\">\n\t\t\t\t\t<a class=\"elementor-button elementor-button-link elementor-size-sm elementor-animation-grow\" href=\"#elementor-action%3Aaction%3Dpopup%3Aopen%26settings%3DeyJpZCI6IjI3NSIsInRvZ2dsZSI6ZmFsc2V9\">\n\t\t\t\t\t\t<span class=\"elementor-button-content-wrapper\">\n\t\t\t\t\t\t\t\t\t<span class=\"elementor-button-text\">\u041a\u043e\u043d\u0442\u0430\u043a\u0442<\/span>\n\t\t\t\t\t<\/span>\n\t\t\t\t\t<\/a>\n\t\t\t\t<\/div>\n\t\t\t\t\t\t\t\t<\/div>\n\t\t\t\t<\/div>\n\t\t\t\t<\/div>\n\t\t<div class=\"elementor-element elementor-element-d98275c e-con-full e-flex e-con e-child\" data-id=\"d98275c\" data-element_type=\"container\">\n\t\t\t\t<div class=\"elementor-element elementor-element-699cdbc elementor-widget elementor-widget-video\" data-id=\"699cdbc\" data-element_type=\"widget\" data-settings=\"{&quot;video_type&quot;:&quot;hosted&quot;,&quot;autoplay&quot;:&quot;yes&quot;,&quot;play_on_mobile&quot;:&quot;yes&quot;,&quot;mute&quot;:&quot;yes&quot;,&quot;loop&quot;:&quot;yes&quot;}\" data-widget_type=\"video.default\">\n\t\t\t\t<div class=\"elementor-widget-container\">\n\t\t\t\t\t\t\t<div class=\"e-hosted-video elementor-wrapper elementor-open-inline\">\n\t\t\t\t\t<video class=\"elementor-video\" src=\"https:\/\/musiqimektebi.az\/wp-content\/uploads\/2025\/03\/DGX0HclIFN_.mp4\" autoplay=\"\" loop=\"\" muted=\"muted\" playsinline=\"\" controlslist=\"nodownload\"><\/video>\n\t\t\t\t<\/div>\n\t\t\t\t\t\t<\/div>\n\t\t\t\t<\/div>\n\t\t\t\t<\/div>\n\t\t\t\t<\/div>\n\t\t\t\t\t<\/div>\n\t\t\t\t<\/div>\n\t\t\t\t<\/div>","protected":false},"excerpt":{"rendered":"<p>Musiqi M\u0259kt\u0259bi S\u0259sinizi y\u00fcks\u0259ldin, s\u0259n\u0259ti hiss edin! \ud83c\udfb6 Fidan Hac\u0131yeva Musiqi M\u0259kt\u0259bi pe\u015f\u0259kar vokal v\u0259 musiqi t\u0259hsili il\u0259 istedad\u0131n\u0131z\u0131 k\u0259\u015ff etm\u0259y\u0259 v\u0259 inki\u015faf etdirm\u0259y\u0259 imkan yarad\u0131r. Opera, klassik vokal, musiqi n\u0259z\u0259riyy\u0259si v\u0259 s\u0259hn\u0259 m\u0259d\u0259niyy\u0259ti \u00fczr\u0259 t\u0259cr\u00fcb\u0259li m\u00fc\u0259lliml\u0259rd\u0259n d\u0259rs al\u0131n. \u0130st\u0259r pe\u015f\u0259kar ifa\u00e7\u0131 olmaq, ist\u0259rs\u0259 d\u0259 musiqini sev\u0259n bir s\u0259n\u0259tkar kimi inki\u015faf etm\u0259k ist\u0259yirsinizs\u0259, do\u011fru \u00fcnvandas\u0131n\u0131z! [&hellip;]<\/p>","protected":false},"author":1,"featured_media":0,"parent":0,"menu_order":0,"comment_status":"closed","ping_status":"closed","template":"elementor_header_footer","meta":{"_acf_changed":false,"footnotes":""},"class_list":["post-110","page","type-page","status-publish","hentry"],"acf":[],"yoast_head":"<!-- This site is optimized with the Yoast SEO plugin v24.8.1 - https:\/\/yoast.com\/wordpress\/plugins\/seo\/ -->\n<title>Musiqi M\u0259kt\u0259bi - Fidan Hac\u0131yeva&#039;n\u0131n Vokal Musiqi M\u0259kt\u0259bi<\/title>\n<meta name=\"robots\" content=\"index, follow, max-snippet:-1, max-image-preview:large, max-video-preview:-1\" \/>\n<link rel=\"canonical\" href=\"https:\/\/musiqimektebi.az\/ru\/\u043c\u0443\u0437\u044b\u043a\u0430-m\u0259kt\u0259bi\/\" \/>\n<meta property=\"og:locale\" content=\"ru_RU\" \/>\n<meta property=\"og:type\" content=\"article\" \/>\n<meta property=\"og:title\" content=\"Musiqi M\u0259kt\u0259bi - Fidan Hac\u0131yeva&#039;n\u0131n Vokal Musiqi M\u0259kt\u0259bi\" \/>\n<meta property=\"og:description\" content=\"Musiqi M\u0259kt\u0259bi S\u0259sinizi y\u00fcks\u0259ldin, s\u0259n\u0259ti hiss edin! \ud83c\udfb6 Fidan Hac\u0131yeva Musiqi M\u0259kt\u0259bi pe\u015f\u0259kar vokal v\u0259 musiqi t\u0259hsili il\u0259 istedad\u0131n\u0131z\u0131 k\u0259\u015ff etm\u0259y\u0259 v\u0259 inki\u015faf etdirm\u0259y\u0259 imkan yarad\u0131r. Opera, klassik vokal, musiqi n\u0259z\u0259riyy\u0259si v\u0259 s\u0259hn\u0259 m\u0259d\u0259niyy\u0259ti \u00fczr\u0259 t\u0259cr\u00fcb\u0259li m\u00fc\u0259lliml\u0259rd\u0259n d\u0259rs al\u0131n. \u0130st\u0259r pe\u015f\u0259kar ifa\u00e7\u0131 olmaq, ist\u0259rs\u0259 d\u0259 musiqini sev\u0259n bir s\u0259n\u0259tkar kimi inki\u015faf etm\u0259k ist\u0259yirsinizs\u0259, do\u011fru \u00fcnvandas\u0131n\u0131z! [&hellip;]\" \/>\n<meta property=\"og:url\" content=\"https:\/\/musiqimektebi.az\/ru\/\u043c\u0443\u0437\u044b\u043a\u0430-m\u0259kt\u0259bi\/\" \/>\n<meta property=\"og:site_name\" content=\"Fidan Hac\u0131yeva&#039;n\u0131n Vokal Musiqi M\u0259kt\u0259bi\" \/>\n<meta property=\"article:modified_time\" content=\"2025-03-13T14:42:03+00:00\" \/>\n<meta name=\"twitter:card\" content=\"summary_large_image\" \/>\n<meta name=\"twitter:label1\" content=\"\u041f\u0440\u0438\u043c\u0435\u0440\u043d\u043e\u0435 \u0432\u0440\u0435\u043c\u044f \u0434\u043b\u044f \u0447\u0442\u0435\u043d\u0438\u044f\" \/>\n\t<meta name=\"twitter:data1\" content=\"1 \u043c\u0438\u043d\u0443\u0442\u0430\" \/>\n<script type=\"application\/ld+json\" class=\"yoast-schema-graph\">{\"@context\":\"https:\/\/schema.org\",\"@graph\":[{\"@type\":\"WebPage\",\"@id\":\"https:\/\/musiqimektebi.az\/musiqi-m%c9%99kt%c9%99bi\/\",\"url\":\"https:\/\/musiqimektebi.az\/musiqi-m%c9%99kt%c9%99bi\/\",\"name\":\"Musiqi M\u0259kt\u0259bi - Fidan Hac\u0131yeva&#039;n\u0131n Vokal Musiqi M\u0259kt\u0259bi\",\"isPartOf\":{\"@id\":\"https:\/\/musiqimektebi.az\/#website\"},\"datePublished\":\"2025-03-12T17:32:13+00:00\",\"dateModified\":\"2025-03-13T14:42:03+00:00\",\"breadcrumb\":{\"@id\":\"https:\/\/musiqimektebi.az\/musiqi-m%c9%99kt%c9%99bi\/#breadcrumb\"},\"inLanguage\":\"ru-RU\",\"potentialAction\":[{\"@type\":\"ReadAction\",\"target\":[\"https:\/\/musiqimektebi.az\/musiqi-m%c9%99kt%c9%99bi\/\"]}]},{\"@type\":\"BreadcrumbList\",\"@id\":\"https:\/\/musiqimektebi.az\/musiqi-m%c9%99kt%c9%99bi\/#breadcrumb\",\"itemListElement\":[{\"@type\":\"ListItem\",\"position\":1,\"name\":\"Home\",\"item\":\"https:\/\/musiqimektebi.az\/\"},{\"@type\":\"ListItem\",\"position\":2,\"name\":\"Musiqi M\u0259kt\u0259bi\"}]},{\"@type\":\"WebSite\",\"@id\":\"https:\/\/musiqimektebi.az\/#website\",\"url\":\"https:\/\/musiqimektebi.az\/\",\"name\":\"Fidan Hac\u0131yeva'n\u0131n Vokal Musiqi M\u0259kt\u0259bi\",\"description\":\"\",\"publisher\":{\"@id\":\"https:\/\/musiqimektebi.az\/#organization\"},\"potentialAction\":[{\"@type\":\"SearchAction\",\"target\":{\"@type\":\"EntryPoint\",\"urlTemplate\":\"https:\/\/musiqimektebi.az\/?s={search_term_string}\"},\"query-input\":{\"@type\":\"PropertyValueSpecification\",\"valueRequired\":true,\"valueName\":\"search_term_string\"}}],\"inLanguage\":\"ru-RU\"},{\"@type\":\"Organization\",\"@id\":\"https:\/\/musiqimektebi.az\/#organization\",\"name\":\"Fidan Hac\u0131yeva'n\u0131n Vokal Musiqi M\u0259kt\u0259bi\",\"url\":\"https:\/\/musiqimektebi.az\/\",\"logo\":{\"@type\":\"ImageObject\",\"inLanguage\":\"ru-RU\",\"@id\":\"https:\/\/musiqimektebi.az\/#\/schema\/logo\/image\/\",\"url\":\"https:\/\/musiqimektebi.az\/wp-content\/uploads\/2025\/03\/cropped-pngwing.com_.png\",\"contentUrl\":\"https:\/\/musiqimektebi.az\/wp-content\/uploads\/2025\/03\/cropped-pngwing.com_.png\",\"width\":512,\"height\":512,\"caption\":\"Fidan Hac\u0131yeva'n\u0131n Vokal Musiqi M\u0259kt\u0259bi\"},\"image\":{\"@id\":\"https:\/\/musiqimektebi.az\/#\/schema\/logo\/image\/\"}}]}<\/script>\n<!-- \/ Yoast SEO plugin. -->","yoast_head_json":{"title":"Musiqi M\u0259kt\u0259bi - Fidan Hac\u0131yeva&#039;n\u0131n Vokal Musiqi M\u0259kt\u0259bi","robots":{"index":"index","follow":"follow","max-snippet":"max-snippet:-1","max-image-preview":"max-image-preview:large","max-video-preview":"max-video-preview:-1"},"canonical":"https:\/\/musiqimektebi.az\/ru\/\u043c\u0443\u0437\u044b\u043a\u0430-m\u0259kt\u0259bi\/","og_locale":"ru_RU","og_type":"article","og_title":"Musiqi M\u0259kt\u0259bi - Fidan Hac\u0131yeva&#039;n\u0131n Vokal Musiqi M\u0259kt\u0259bi","og_description":"Musiqi M\u0259kt\u0259bi S\u0259sinizi y\u00fcks\u0259ldin, s\u0259n\u0259ti hiss edin! \ud83c\udfb6 Fidan Hac\u0131yeva Musiqi M\u0259kt\u0259bi pe\u015f\u0259kar vokal v\u0259 musiqi t\u0259hsili il\u0259 istedad\u0131n\u0131z\u0131 k\u0259\u015ff etm\u0259y\u0259 v\u0259 inki\u015faf etdirm\u0259y\u0259 imkan yarad\u0131r. Opera, klassik vokal, musiqi n\u0259z\u0259riyy\u0259si v\u0259 s\u0259hn\u0259 m\u0259d\u0259niyy\u0259ti \u00fczr\u0259 t\u0259cr\u00fcb\u0259li m\u00fc\u0259lliml\u0259rd\u0259n d\u0259rs al\u0131n. \u0130st\u0259r pe\u015f\u0259kar ifa\u00e7\u0131 olmaq, ist\u0259rs\u0259 d\u0259 musiqini sev\u0259n bir s\u0259n\u0259tkar kimi inki\u015faf etm\u0259k ist\u0259yirsinizs\u0259, do\u011fru \u00fcnvandas\u0131n\u0131z! [&hellip;]","og_url":"https:\/\/musiqimektebi.az\/ru\/\u043c\u0443\u0437\u044b\u043a\u0430-m\u0259kt\u0259bi\/","og_site_name":"Fidan Hac\u0131yeva&#039;n\u0131n Vokal Musiqi M\u0259kt\u0259bi","article_modified_time":"2025-03-13T14:42:03+00:00","twitter_card":"summary_large_image","twitter_misc":{"\u041f\u0440\u0438\u043c\u0435\u0440\u043d\u043e\u0435 \u0432\u0440\u0435\u043c\u044f \u0434\u043b\u044f \u0447\u0442\u0435\u043d\u0438\u044f":"1 \u043c\u0438\u043d\u0443\u0442\u0430"},"schema":{"@context":"https:\/\/schema.org","@graph":[{"@type":"WebPage","@id":"https:\/\/musiqimektebi.az\/musiqi-m%c9%99kt%c9%99bi\/","url":"https:\/\/musiqimektebi.az\/musiqi-m%c9%99kt%c9%99bi\/","name":"Musiqi M\u0259kt\u0259bi - Fidan Hac\u0131yeva&#039;n\u0131n Vokal Musiqi M\u0259kt\u0259bi","isPartOf":{"@id":"https:\/\/musiqimektebi.az\/#website"},"datePublished":"2025-03-12T17:32:13+00:00","dateModified":"2025-03-13T14:42:03+00:00","breadcrumb":{"@id":"https:\/\/musiqimektebi.az\/musiqi-m%c9%99kt%c9%99bi\/#breadcrumb"},"inLanguage":"ru-RU","potentialAction":[{"@type":"ReadAction","target":["https:\/\/musiqimektebi.az\/musiqi-m%c9%99kt%c9%99bi\/"]}]},{"@type":"BreadcrumbList","@id":"https:\/\/musiqimektebi.az\/musiqi-m%c9%99kt%c9%99bi\/#breadcrumb","itemListElement":[{"@type":"ListItem","position":1,"name":"Home","item":"https:\/\/musiqimektebi.az\/"},{"@type":"ListItem","position":2,"name":"Musiqi M\u0259kt\u0259bi"}]},{"@type":"WebSite","@id":"https:\/\/musiqimektebi.az\/#website","url":"https:\/\/musiqimektebi.az\/","name":"Fidan Hac\u0131yeva'n\u0131n Vokal Musiqi M\u0259kt\u0259bi","description":"","publisher":{"@id":"https:\/\/musiqimektebi.az\/#organization"},"potentialAction":[{"@type":"SearchAction","target":{"@type":"EntryPoint","urlTemplate":"https:\/\/musiqimektebi.az\/?s={search_term_string}"},"query-input":{"@type":"PropertyValueSpecification","valueRequired":true,"valueName":"search_term_string"}}],"inLanguage":"ru-RU"},{"@type":"Organization","@id":"https:\/\/musiqimektebi.az\/#organization","name":"Fidan Hac\u0131yeva'n\u0131n Vokal Musiqi M\u0259kt\u0259bi","url":"https:\/\/musiqimektebi.az\/","logo":{"@type":"ImageObject","inLanguage":"ru-RU","@id":"https:\/\/musiqimektebi.az\/#\/schema\/logo\/image\/","url":"https:\/\/musiqimektebi.az\/wp-content\/uploads\/2025\/03\/cropped-pngwing.com_.png","contentUrl":"https:\/\/musiqimektebi.az\/wp-content\/uploads\/2025\/03\/cropped-pngwing.com_.png","width":512,"height":512,"caption":"Fidan Hac\u0131yeva'n\u0131n Vokal Musiqi M\u0259kt\u0259bi"},"image":{"@id":"https:\/\/musiqimektebi.az\/#\/schema\/logo\/image\/"}}]}},"_links":{"self":[{"href":"https:\/\/musiqimektebi.az\/ru\/wp-json\/wp\/v2\/pages\/110","targetHints":{"allow":["GET"]}}],"collection":[{"href":"https:\/\/musiqimektebi.az\/ru\/wp-json\/wp\/v2\/pages"}],"about":[{"href":"https:\/\/musiqimektebi.az\/ru\/wp-json\/wp\/v2\/types\/page"}],"author":[{"embeddable":true,"href":"https:\/\/musiqimektebi.az\/ru\/wp-json\/wp\/v2\/users\/1"}],"replies":[{"embeddable":true,"href":"https:\/\/musiqimektebi.az\/ru\/wp-json\/wp\/v2\/comments?post=110"}],"version-history":[{"count":10,"href":"https:\/\/musiqimektebi.az\/ru\/wp-json\/wp\/v2\/pages\/110\/revisions"}],"predecessor-version":[{"id":290,"href":"https:\/\/musiqimektebi.az\/ru\/wp-json\/wp\/v2\/pages\/110\/revisions\/290"}],"wp:attachment":[{"href":"https:\/\/musiqimektebi.az\/ru\/wp-json\/wp\/v2\/media?parent=110"}],"curies":[{"name":"wp","href":"https:\/\/api.w.org\/{rel}","templated":true}]}}