{"id":16,"date":"2025-03-06T17:21:40","date_gmt":"2025-03-06T17:21:40","guid":{"rendered":"https:\/\/musiqimektebi.az\/?page_id=16"},"modified":"2025-04-08T09:05:30","modified_gmt":"2025-04-08T09:05:30","slug":"main-page","status":"publish","type":"page","link":"https:\/\/musiqimektebi.az\/en","title":{"rendered":"Home Page"},"content":{"rendered":"<div data-elementor-type=\"wp-page\" data-elementor-id=\"16\" class=\"elementor elementor-16\" data-elementor-post-type=\"page\">\n\t\t\t\t<div class=\"elementor-element elementor-element-bd8882c elementor-hidden-mobile e-flex e-con-boxed e-con e-parent\" data-id=\"bd8882c\" data-element_type=\"container\" data-settings=\"{&quot;background_background&quot;:&quot;video&quot;,&quot;background_video_link&quot;:&quot;https:\\\/\\\/musiqimektebi.az\\\/wp-content\\\/uploads\\\/2025\\\/03\\\/DClXTFSoTJi.mp4&quot;,&quot;background_play_on_mobile&quot;:&quot;yes&quot;}\">\n\t\t\t\t\t<div class=\"e-con-inner\">\n\t\t<div class=\"elementor-background-video-container\">\n\t\t\t\t\t\t\t<video class=\"elementor-background-video-hosted\" autoplay muted playsinline loop><\/video>\n\t\t\t\t\t<\/div><div class=\"elementor-element elementor-element-3fdd6da e-con-full e-flex e-con e-child\" data-id=\"3fdd6da\" data-element_type=\"container\">\n\t\t<div class=\"elementor-element elementor-element-c0cb008 e-con-full e-flex e-con e-child\" data-id=\"c0cb008\" data-element_type=\"container\">\n\t\t\t\t<div class=\"elementor-element elementor-element-7a50d93 elementor-widget elementor-widget-theme-site-title elementor-widget-heading\" data-id=\"7a50d93\" data-element_type=\"widget\" data-widget_type=\"theme-site-title.default\">\n\t\t\t\t<div class=\"elementor-widget-container\">\n\t\t\t\t\t<h1 class=\"elementor-heading-title elementor-size-default\"><a href=\"https:\/\/musiqimektebi.az\/en\">Fidan Hajiyeva&#039;s Vocal Music School<\/a><\/h1>\t\t\t\t<\/div>\n\t\t\t\t<\/div>\n\t\t\t\t<div class=\"elementor-element elementor-element-e0c21a3 elementor-invisible elementor-widget elementor-widget-heading\" data-id=\"e0c21a3\" data-element_type=\"widget\" data-settings=\"{&quot;_animation&quot;:&quot;fadeInDown&quot;}\" data-widget_type=\"heading.default\">\n\t\t\t\t<div class=\"elementor-widget-container\">\n\t\t\t\t\t<h1 class=\"elementor-heading-title elementor-size-default\">The path to art begins here.<\/h1>\t\t\t\t<\/div>\n\t\t\t\t<\/div>\n\t\t\t\t<div class=\"elementor-element elementor-element-e411ac6 elementor-nav-menu__align-start elementor-nav-menu--dropdown-none elementor-hidden-mobile elementor-widget elementor-widget-nav-menu\" data-id=\"e411ac6\" data-element_type=\"widget\" data-settings=\"{&quot;layout&quot;:&quot;horizontal&quot;,&quot;submenu_icon&quot;:{&quot;value&quot;:&quot;&lt;svg class=\\&quot;e-font-icon-svg e-fas-caret-down\\&quot; viewBox=\\&quot;0 0 320 512\\&quot; xmlns=\\&quot;http:\\\/\\\/www.w3.org\\\/2000\\\/svg\\&quot;&gt;&lt;path d=\\&quot;M31.3 192h257.3c17.8 0 26.7 21.5 14.1 34.1L174.1 354.8c-7.8 7.8-20.5 7.8-28.3 0L17.2 226.1C4.6 213.5 13.5 192 31.3 192z\\&quot;&gt;&lt;\\\/path&gt;&lt;\\\/svg&gt;&quot;,&quot;library&quot;:&quot;fa-solid&quot;}}\" data-widget_type=\"nav-menu.default\">\n\t\t\t\t<div class=\"elementor-widget-container\">\n\t\t\t\t\t\t\t\t<nav aria-label=\"Menu\" class=\"elementor-nav-menu--main elementor-nav-menu__container elementor-nav-menu--layout-horizontal e--pointer-background e--animation-fade\">\n\t\t\t\t<ul id=\"menu-1-e411ac6\" class=\"elementor-nav-menu\"><li class=\"menu-item menu-item-type-custom menu-item-object-custom menu-item-28\"><a href=\"\/en\/music-m%c9%99kt%c9%99bi\/\" class=\"elementor-item\">Music School<\/a><\/li>\n<li class=\"menu-item menu-item-type-custom menu-item-object-custom menu-item-29\"><a href=\"\/en\/concert-hall\/\" class=\"elementor-item\">Concert Hall<\/a><\/li>\n<li class=\"menu-item menu-item-type-custom menu-item-object-custom menu-item-30\"><a href=\"\/en\/s%c9%99-recording-studio\/\" class=\"elementor-item\">Recording Studio<\/a><\/li>\n<li class=\"menu-item menu-item-type-post_type menu-item-object-page menu-item-333\"><a href=\"https:\/\/musiqimektebi.az\/en\/t%c9%99dbirl%c9%99r-v%c9%99-ticketl%c9%99r\/\" class=\"elementor-item\">Events and Tickets<\/a><\/li>\n<\/ul>\t\t\t<\/nav>\n\t\t\t\t\t\t<nav class=\"elementor-nav-menu--dropdown elementor-nav-menu__container\" aria-hidden=\"true\">\n\t\t\t\t<ul id=\"menu-2-e411ac6\" class=\"elementor-nav-menu\"><li class=\"menu-item menu-item-type-custom menu-item-object-custom menu-item-28\"><a href=\"\/en\/music-m%c9%99kt%c9%99bi\/\" class=\"elementor-item\" tabindex=\"-1\">Music School<\/a><\/li>\n<li class=\"menu-item menu-item-type-custom menu-item-object-custom menu-item-29\"><a href=\"\/en\/concert-hall\/\" class=\"elementor-item\" tabindex=\"-1\">Concert Hall<\/a><\/li>\n<li class=\"menu-item menu-item-type-custom menu-item-object-custom menu-item-30\"><a href=\"\/en\/s%c9%99-recording-studio\/\" class=\"elementor-item\" tabindex=\"-1\">Recording Studio<\/a><\/li>\n<li class=\"menu-item menu-item-type-post_type menu-item-object-page menu-item-333\"><a href=\"https:\/\/musiqimektebi.az\/en\/t%c9%99dbirl%c9%99r-v%c9%99-ticketl%c9%99r\/\" class=\"elementor-item\" tabindex=\"-1\">Events and Tickets<\/a><\/li>\n<\/ul>\t\t\t<\/nav>\n\t\t\t\t\t\t<\/div>\n\t\t\t\t<\/div>\n\t\t\t\t<div class=\"elementor-element elementor-element-c25a647 elementor-invisible elementor-widget elementor-widget-heading\" data-id=\"c25a647\" data-element_type=\"widget\" data-settings=\"{&quot;_animation&quot;:&quot;fadeInDown&quot;}\" data-widget_type=\"heading.default\">\n\t\t\t\t<div class=\"elementor-widget-container\">\n\t\t\t\t\t<p class=\"elementor-heading-title elementor-size-default\">The Second Fidan Hajiyeva International Opera Festival will be held in Azerbaijan from April 23 to April 29, 2025.<\/p>\t\t\t\t<\/div>\n\t\t\t\t<\/div>\n\t\t\t\t<div class=\"elementor-element elementor-element-14ccd3a elementor-widget elementor-widget-button\" data-id=\"14ccd3a\" data-element_type=\"widget\" data-widget_type=\"button.default\">\n\t\t\t\t<div class=\"elementor-widget-container\">\n\t\t\t\t\t\t\t\t\t<div class=\"elementor-button-wrapper\">\n\t\t\t\t\t<a class=\"elementor-button elementor-button-link elementor-size-sm\" href=\"https:\/\/www.instagram.com\/operafestival.az\/\">\n\t\t\t\t\t\t<span class=\"elementor-button-content-wrapper\">\n\t\t\t\t\t\t\t\t\t<span class=\"elementor-button-text\">More information<\/span>\n\t\t\t\t\t<\/span>\n\t\t\t\t\t<\/a>\n\t\t\t\t<\/div>\n\t\t\t\t\t\t\t\t<\/div>\n\t\t\t\t<\/div>\n\t\t\t\t<\/div>\n\t\t\t\t<\/div>\n\t\t\t\t\t<\/div>\n\t\t\t\t<\/div>\n\t\t<div class=\"elementor-element elementor-element-95fcb85 elementor-hidden-desktop elementor-hidden-tablet e-flex e-con-boxed e-con e-parent\" data-id=\"95fcb85\" data-element_type=\"container\" data-settings=\"{&quot;background_background&quot;:&quot;video&quot;,&quot;background_video_link&quot;:&quot;https:\\\/\\\/musiqimektebi.az\\\/wp-content\\\/uploads\\\/2025\\\/03\\\/DA7zRv4pIGf.mp4&quot;,&quot;background_play_on_mobile&quot;:&quot;yes&quot;}\">\n\t\t\t\t\t<div class=\"e-con-inner\">\n\t\t<div class=\"elementor-background-video-container\">\n\t\t\t\t\t\t\t<video class=\"elementor-background-video-hosted\" autoplay muted playsinline loop><\/video>\n\t\t\t\t\t<\/div><div class=\"elementor-element elementor-element-adfe4a4 e-con-full e-flex e-con e-child\" data-id=\"adfe4a4\" data-element_type=\"container\">\n\t\t<div class=\"elementor-element elementor-element-59e6e4c e-con-full e-flex e-con e-child\" data-id=\"59e6e4c\" data-element_type=\"container\">\n\t\t\t\t<div class=\"elementor-element elementor-element-5ba2435 elementor-widget elementor-widget-theme-site-title elementor-widget-heading\" data-id=\"5ba2435\" data-element_type=\"widget\" data-widget_type=\"theme-site-title.default\">\n\t\t\t\t<div class=\"elementor-widget-container\">\n\t\t\t\t\t<h1 class=\"elementor-heading-title elementor-size-default\"><a href=\"https:\/\/musiqimektebi.az\/en\">Fidan Hajiyeva&#039;s Vocal Music School<\/a><\/h1>\t\t\t\t<\/div>\n\t\t\t\t<\/div>\n\t\t\t\t<div class=\"elementor-element elementor-element-fcdcd9f elementor-invisible elementor-widget elementor-widget-heading\" data-id=\"fcdcd9f\" data-element_type=\"widget\" data-settings=\"{&quot;_animation&quot;:&quot;fadeInDown&quot;}\" data-widget_type=\"heading.default\">\n\t\t\t\t<div class=\"elementor-widget-container\">\n\t\t\t\t\t<h1 class=\"elementor-heading-title elementor-size-default\">The path to art begins here.<\/h1>\t\t\t\t<\/div>\n\t\t\t\t<\/div>\n\t\t\t\t<div class=\"elementor-element elementor-element-7f01ba4 elementor-nav-menu__align-start elementor-nav-menu--dropdown-none elementor-hidden-desktop elementor-hidden-tablet elementor-widget elementor-widget-nav-menu\" data-id=\"7f01ba4\" data-element_type=\"widget\" data-settings=\"{&quot;layout&quot;:&quot;vertical&quot;,&quot;_animation_mobile&quot;:&quot;fadeInDown&quot;,&quot;submenu_icon&quot;:{&quot;value&quot;:&quot;&lt;svg class=\\&quot;e-font-icon-svg e-fas-caret-down\\&quot; viewBox=\\&quot;0 0 320 512\\&quot; xmlns=\\&quot;http:\\\/\\\/www.w3.org\\\/2000\\\/svg\\&quot;&gt;&lt;path d=\\&quot;M31.3 192h257.3c17.8 0 26.7 21.5 14.1 34.1L174.1 354.8c-7.8 7.8-20.5 7.8-28.3 0L17.2 226.1C4.6 213.5 13.5 192 31.3 192z\\&quot;&gt;&lt;\\\/path&gt;&lt;\\\/svg&gt;&quot;,&quot;library&quot;:&quot;fa-solid&quot;}}\" data-widget_type=\"nav-menu.default\">\n\t\t\t\t<div class=\"elementor-widget-container\">\n\t\t\t\t\t\t\t\t<nav aria-label=\"Menu\" class=\"elementor-nav-menu--main elementor-nav-menu__container elementor-nav-menu--layout-vertical e--pointer-background e--animation-fade\">\n\t\t\t\t<ul id=\"menu-1-7f01ba4\" class=\"elementor-nav-menu sm-vertical\"><li class=\"menu-item menu-item-type-custom menu-item-object-custom menu-item-28\"><a href=\"\/en\/music-m%c9%99kt%c9%99bi\/\" class=\"elementor-item\">Music School<\/a><\/li>\n<li class=\"menu-item menu-item-type-custom menu-item-object-custom menu-item-29\"><a href=\"\/en\/concert-hall\/\" class=\"elementor-item\">Concert Hall<\/a><\/li>\n<li class=\"menu-item menu-item-type-custom menu-item-object-custom menu-item-30\"><a href=\"\/en\/s%c9%99-recording-studio\/\" class=\"elementor-item\">Recording Studio<\/a><\/li>\n<li class=\"menu-item menu-item-type-post_type menu-item-object-page menu-item-333\"><a href=\"https:\/\/musiqimektebi.az\/en\/t%c9%99dbirl%c9%99r-v%c9%99-ticketl%c9%99r\/\" class=\"elementor-item\">Events and Tickets<\/a><\/li>\n<\/ul>\t\t\t<\/nav>\n\t\t\t\t\t\t<nav class=\"elementor-nav-menu--dropdown elementor-nav-menu__container\" aria-hidden=\"true\">\n\t\t\t\t<ul id=\"menu-2-7f01ba4\" class=\"elementor-nav-menu sm-vertical\"><li class=\"menu-item menu-item-type-custom menu-item-object-custom menu-item-28\"><a href=\"\/en\/music-m%c9%99kt%c9%99bi\/\" class=\"elementor-item\" tabindex=\"-1\">Music School<\/a><\/li>\n<li class=\"menu-item menu-item-type-custom menu-item-object-custom menu-item-29\"><a href=\"\/en\/concert-hall\/\" class=\"elementor-item\" tabindex=\"-1\">Concert Hall<\/a><\/li>\n<li class=\"menu-item menu-item-type-custom menu-item-object-custom menu-item-30\"><a href=\"\/en\/s%c9%99-recording-studio\/\" class=\"elementor-item\" tabindex=\"-1\">Recording Studio<\/a><\/li>\n<li class=\"menu-item menu-item-type-post_type menu-item-object-page menu-item-333\"><a href=\"https:\/\/musiqimektebi.az\/en\/t%c9%99dbirl%c9%99r-v%c9%99-ticketl%c9%99r\/\" class=\"elementor-item\" tabindex=\"-1\">Events and Tickets<\/a><\/li>\n<\/ul>\t\t\t<\/nav>\n\t\t\t\t\t\t<\/div>\n\t\t\t\t<\/div>\n\t\t\t\t<div class=\"elementor-element elementor-element-e9f1db2 elementor-invisible elementor-widget elementor-widget-heading\" data-id=\"e9f1db2\" data-element_type=\"widget\" data-settings=\"{&quot;_animation&quot;:&quot;fadeInDown&quot;}\" data-widget_type=\"heading.default\">\n\t\t\t\t<div class=\"elementor-widget-container\">\n\t\t\t\t\t<p class=\"elementor-heading-title elementor-size-default\">The Second Fidan Hajiyeva International Opera Festival will be held in Azerbaijan from April 23 to April 29, 2025.<\/p>\t\t\t\t<\/div>\n\t\t\t\t<\/div>\n\t\t\t\t<div class=\"elementor-element elementor-element-4c668bb elementor-mobile-align-justify elementor-widget elementor-widget-button\" data-id=\"4c668bb\" data-element_type=\"widget\" data-settings=\"{&quot;_animation_mobile&quot;:&quot;fadeInDown&quot;}\" data-widget_type=\"button.default\">\n\t\t\t\t<div class=\"elementor-widget-container\">\n\t\t\t\t\t\t\t\t\t<div class=\"elementor-button-wrapper\">\n\t\t\t\t\t<a class=\"elementor-button elementor-button-link elementor-size-sm\" href=\"https:\/\/www.instagram.com\/operafestival.az\/\">\n\t\t\t\t\t\t<span class=\"elementor-button-content-wrapper\">\n\t\t\t\t\t\t\t\t\t<span class=\"elementor-button-text\">More information<\/span>\n\t\t\t\t\t<\/span>\n\t\t\t\t\t<\/a>\n\t\t\t\t<\/div>\n\t\t\t\t\t\t\t\t<\/div>\n\t\t\t\t<\/div>\n\t\t\t\t<\/div>\n\t\t\t\t<\/div>\n\t\t\t\t\t<\/div>\n\t\t\t\t<\/div>\n\t\t\t\t<\/div>","protected":false},"excerpt":{"rendered":"<p>S\u0259n\u0259t\u0259 aparan yol burada ba\u015flay\u0131r. 23 aprel &#8211; 29 aprel 2025-c\u00fc il tarixl\u0259rind\u0259 Az\u0259rbaycanda Fidan Hac\u0131yevan\u0131n \u0130kinci Beyn\u0259lxalq Opera Festival\u0131 ke\u00e7iril\u0259c\u0259k. \u018ftrafl\u0131 m\u0259lumat S\u0259n\u0259t\u0259 aparan yol burada ba\u015flay\u0131r. 23 aprel &#8211; 29 aprel 2025-c\u00fc il tarixl\u0259rind\u0259 Az\u0259rbaycanda Fidan Hac\u0131yevan\u0131n \u0130kinci Beyn\u0259lxalq Opera Festival\u0131 ke\u00e7iril\u0259c\u0259k. \u018ftrafl\u0131 m\u0259lumat<\/p>","protected":false},"author":1,"featured_media":0,"parent":0,"menu_order":0,"comment_status":"closed","ping_status":"closed","template":"elementor_canvas","meta":{"_acf_changed":false,"footnotes":""},"class_list":["post-16","page","type-page","status-publish","hentry"],"acf":[],"yoast_head":"<!-- This site is optimized with the Yoast SEO plugin v24.8.1 - https:\/\/yoast.com\/wordpress\/plugins\/seo\/ -->\n<title>Fidan Hac\u0131yeva&#039;n\u0131n Vokal Musiqi M\u0259kt\u0259bi<\/title>\n<meta name=\"description\" content=\"S\u0259n\u0259t\u0259 aparan yol burada ba\u015flay\u0131r. Fidan Hac\u0131yeva Musiqi M\u0259kt\u0259bi pe\u015f\u0259kar vokal v\u0259 musiqi t\u0259hsili il\u0259 istedad\u0131n\u0131z\u0131 k\u0259\u015ff etm\u0259y\u0259 imkan yarad\u0131r.\" \/>\n<meta name=\"robots\" content=\"index, follow, max-snippet:-1, max-image-preview:large, max-video-preview:-1\" \/>\n<link rel=\"canonical\" href=\"https:\/\/musiqimektebi.az\/en\" \/>\n<meta property=\"og:locale\" content=\"en_GB\" \/>\n<meta property=\"og:type\" content=\"article\" \/>\n<meta property=\"og:title\" content=\"Fidan Hac\u0131yeva&#039;n\u0131n Vokal Musiqi M\u0259kt\u0259bi\" \/>\n<meta property=\"og:description\" content=\"S\u0259n\u0259t\u0259 aparan yol burada ba\u015flay\u0131r. Fidan Hac\u0131yeva Musiqi M\u0259kt\u0259bi pe\u015f\u0259kar vokal v\u0259 musiqi t\u0259hsili il\u0259 istedad\u0131n\u0131z\u0131 k\u0259\u015ff etm\u0259y\u0259 imkan yarad\u0131r.\" \/>\n<meta property=\"og:url\" content=\"https:\/\/musiqimektebi.az\/en\" \/>\n<meta property=\"og:site_name\" content=\"Fidan Hac\u0131yeva&#039;n\u0131n Vokal Musiqi M\u0259kt\u0259bi\" \/>\n<meta property=\"article:modified_time\" content=\"2025-04-08T09:05:30+00:00\" \/>\n<meta name=\"twitter:card\" content=\"summary_large_image\" \/>\n<meta name=\"twitter:label1\" content=\"Estimated reading time\" \/>\n\t<meta name=\"twitter:data1\" content=\"1 minute\" \/>\n<script type=\"application\/ld+json\" class=\"yoast-schema-graph\">{\"@context\":\"https:\/\/schema.org\",\"@graph\":[{\"@type\":\"WebPage\",\"@id\":\"https:\/\/musiqimektebi.az\/\",\"url\":\"https:\/\/musiqimektebi.az\/\",\"name\":\"Fidan Hac\u0131yeva&#039;n\u0131n Vokal Musiqi M\u0259kt\u0259bi\",\"isPartOf\":{\"@id\":\"https:\/\/musiqimektebi.az\/#website\"},\"datePublished\":\"2025-03-06T17:21:40+00:00\",\"dateModified\":\"2025-04-08T09:05:30+00:00\",\"description\":\"S\u0259n\u0259t\u0259 aparan yol burada ba\u015flay\u0131r. Fidan Hac\u0131yeva Musiqi M\u0259kt\u0259bi pe\u015f\u0259kar vokal v\u0259 musiqi t\u0259hsili il\u0259 istedad\u0131n\u0131z\u0131 k\u0259\u015ff etm\u0259y\u0259 imkan yarad\u0131r.\",\"breadcrumb\":{\"@id\":\"https:\/\/musiqimektebi.az\/#breadcrumb\"},\"inLanguage\":\"en-GB\",\"potentialAction\":[{\"@type\":\"ReadAction\",\"target\":[\"https:\/\/musiqimektebi.az\/\"]}]},{\"@type\":\"BreadcrumbList\",\"@id\":\"https:\/\/musiqimektebi.az\/#breadcrumb\",\"itemListElement\":[{\"@type\":\"ListItem\",\"position\":1,\"name\":\"Home\",\"item\":\"https:\/\/musiqimektebi.az\/\"},{\"@type\":\"ListItem\",\"position\":2,\"name\":\"Main Page\"}]},{\"@type\":\"WebSite\",\"@id\":\"https:\/\/musiqimektebi.az\/#website\",\"url\":\"https:\/\/musiqimektebi.az\/\",\"name\":\"Fidan Hac\u0131yeva'n\u0131n Vokal Musiqi M\u0259kt\u0259bi\",\"description\":\"\",\"publisher\":{\"@id\":\"https:\/\/musiqimektebi.az\/#organization\"},\"potentialAction\":[{\"@type\":\"SearchAction\",\"target\":{\"@type\":\"EntryPoint\",\"urlTemplate\":\"https:\/\/musiqimektebi.az\/?s={search_term_string}\"},\"query-input\":{\"@type\":\"PropertyValueSpecification\",\"valueRequired\":true,\"valueName\":\"search_term_string\"}}],\"inLanguage\":\"en-GB\"},{\"@type\":\"Organization\",\"@id\":\"https:\/\/musiqimektebi.az\/#organization\",\"name\":\"Fidan Hac\u0131yeva'n\u0131n Vokal Musiqi M\u0259kt\u0259bi\",\"url\":\"https:\/\/musiqimektebi.az\/\",\"logo\":{\"@type\":\"ImageObject\",\"inLanguage\":\"en-GB\",\"@id\":\"https:\/\/musiqimektebi.az\/#\/schema\/logo\/image\/\",\"url\":\"https:\/\/musiqimektebi.az\/wp-content\/uploads\/2025\/03\/cropped-pngwing.com_.png\",\"contentUrl\":\"https:\/\/musiqimektebi.az\/wp-content\/uploads\/2025\/03\/cropped-pngwing.com_.png\",\"width\":512,\"height\":512,\"caption\":\"Fidan Hac\u0131yeva'n\u0131n Vokal Musiqi M\u0259kt\u0259bi\"},\"image\":{\"@id\":\"https:\/\/musiqimektebi.az\/#\/schema\/logo\/image\/\"}}]}<\/script>\n<!-- \/ Yoast SEO plugin. -->","yoast_head_json":{"title":"Fidan Hac\u0131yeva&#039;n\u0131n Vokal Musiqi M\u0259kt\u0259bi","description":"S\u0259n\u0259t\u0259 aparan yol burada ba\u015flay\u0131r. Fidan Hac\u0131yeva Musiqi M\u0259kt\u0259bi pe\u015f\u0259kar vokal v\u0259 musiqi t\u0259hsili il\u0259 istedad\u0131n\u0131z\u0131 k\u0259\u015ff etm\u0259y\u0259 imkan yarad\u0131r.","robots":{"index":"index","follow":"follow","max-snippet":"max-snippet:-1","max-image-preview":"max-image-preview:large","max-video-preview":"max-video-preview:-1"},"canonical":"https:\/\/musiqimektebi.az\/en","og_locale":"en_GB","og_type":"article","og_title":"Fidan Hac\u0131yeva&#039;n\u0131n Vokal Musiqi M\u0259kt\u0259bi","og_description":"S\u0259n\u0259t\u0259 aparan yol burada ba\u015flay\u0131r. Fidan Hac\u0131yeva Musiqi M\u0259kt\u0259bi pe\u015f\u0259kar vokal v\u0259 musiqi t\u0259hsili il\u0259 istedad\u0131n\u0131z\u0131 k\u0259\u015ff etm\u0259y\u0259 imkan yarad\u0131r.","og_url":"https:\/\/musiqimektebi.az\/en","og_site_name":"Fidan Hac\u0131yeva&#039;n\u0131n Vokal Musiqi M\u0259kt\u0259bi","article_modified_time":"2025-04-08T09:05:30+00:00","twitter_card":"summary_large_image","twitter_misc":{"Estimated reading time":"1 minute"},"schema":{"@context":"https:\/\/schema.org","@graph":[{"@type":"WebPage","@id":"https:\/\/musiqimektebi.az\/","url":"https:\/\/musiqimektebi.az\/","name":"Fidan Hac\u0131yeva&#039;n\u0131n Vokal Musiqi M\u0259kt\u0259bi","isPartOf":{"@id":"https:\/\/musiqimektebi.az\/#website"},"datePublished":"2025-03-06T17:21:40+00:00","dateModified":"2025-04-08T09:05:30+00:00","description":"S\u0259n\u0259t\u0259 aparan yol burada ba\u015flay\u0131r. Fidan Hac\u0131yeva Musiqi M\u0259kt\u0259bi pe\u015f\u0259kar vokal v\u0259 musiqi t\u0259hsili il\u0259 istedad\u0131n\u0131z\u0131 k\u0259\u015ff etm\u0259y\u0259 imkan yarad\u0131r.","breadcrumb":{"@id":"https:\/\/musiqimektebi.az\/#breadcrumb"},"inLanguage":"en-GB","potentialAction":[{"@type":"ReadAction","target":["https:\/\/musiqimektebi.az\/"]}]},{"@type":"BreadcrumbList","@id":"https:\/\/musiqimektebi.az\/#breadcrumb","itemListElement":[{"@type":"ListItem","position":1,"name":"Home","item":"https:\/\/musiqimektebi.az\/"},{"@type":"ListItem","position":2,"name":"Main Page"}]},{"@type":"WebSite","@id":"https:\/\/musiqimektebi.az\/#website","url":"https:\/\/musiqimektebi.az\/","name":"Fidan Hac\u0131yeva'n\u0131n Vokal Musiqi M\u0259kt\u0259bi","description":"","publisher":{"@id":"https:\/\/musiqimektebi.az\/#organization"},"potentialAction":[{"@type":"SearchAction","target":{"@type":"EntryPoint","urlTemplate":"https:\/\/musiqimektebi.az\/?s={search_term_string}"},"query-input":{"@type":"PropertyValueSpecification","valueRequired":true,"valueName":"search_term_string"}}],"inLanguage":"en-GB"},{"@type":"Organization","@id":"https:\/\/musiqimektebi.az\/#organization","name":"Fidan Hac\u0131yeva'n\u0131n Vokal Musiqi M\u0259kt\u0259bi","url":"https:\/\/musiqimektebi.az\/","logo":{"@type":"ImageObject","inLanguage":"en-GB","@id":"https:\/\/musiqimektebi.az\/#\/schema\/logo\/image\/","url":"https:\/\/musiqimektebi.az\/wp-content\/uploads\/2025\/03\/cropped-pngwing.com_.png","contentUrl":"https:\/\/musiqimektebi.az\/wp-content\/uploads\/2025\/03\/cropped-pngwing.com_.png","width":512,"height":512,"caption":"Fidan Hac\u0131yeva'n\u0131n Vokal Musiqi M\u0259kt\u0259bi"},"image":{"@id":"https:\/\/musiqimektebi.az\/#\/schema\/logo\/image\/"}}]}},"_links":{"self":[{"href":"https:\/\/musiqimektebi.az\/en\/wp-json\/wp\/v2\/pages\/16","targetHints":{"allow":["GET"]}}],"collection":[{"href":"https:\/\/musiqimektebi.az\/en\/wp-json\/wp\/v2\/pages"}],"about":[{"href":"https:\/\/musiqimektebi.az\/en\/wp-json\/wp\/v2\/types\/page"}],"author":[{"embeddable":true,"href":"https:\/\/musiqimektebi.az\/en\/wp-json\/wp\/v2\/users\/1"}],"replies":[{"embeddable":true,"href":"https:\/\/musiqimektebi.az\/en\/wp-json\/wp\/v2\/comments?post=16"}],"version-history":[{"count":110,"href":"https:\/\/musiqimektebi.az\/en\/wp-json\/wp\/v2\/pages\/16\/revisions"}],"predecessor-version":[{"id":443,"href":"https:\/\/musiqimektebi.az\/en\/wp-json\/wp\/v2\/pages\/16\/revisions\/443"}],"wp:attachment":[{"href":"https:\/\/musiqimektebi.az\/en\/wp-json\/wp\/v2\/media?parent=16"}],"curies":[{"name":"wp","href":"https:\/\/api.w.org\/{rel}","templated":true}]}}