{"id":114,"date":"2025-03-12T17:32:46","date_gmt":"2025-03-12T17:32:46","guid":{"rendered":"https:\/\/musiqimektebi.az\/?page_id=114"},"modified":"2025-03-13T14:39:30","modified_gmt":"2025-03-13T14:39:30","slug":"s%c9%99syazma-studiyasi","status":"publish","type":"page","link":"https:\/\/musiqimektebi.az\/en\/s%c9%99-recording-studio\/","title":{"rendered":"Recording Studio"},"content":{"rendered":"<div data-elementor-type=\"wp-page\" data-elementor-id=\"114\" class=\"elementor elementor-114\" data-elementor-post-type=\"page\">\n\t\t\t\t<div class=\"elementor-element elementor-element-3df5591 e-flex e-con-boxed e-con e-parent\" data-id=\"3df5591\" data-element_type=\"container\" data-settings=\"{&quot;background_background&quot;:&quot;classic&quot;}\">\n\t\t\t\t\t<div class=\"e-con-inner\">\n\t\t<div class=\"elementor-element elementor-element-4b5fb81 e-con-full e-flex e-con e-child\" data-id=\"4b5fb81\" data-element_type=\"container\">\n\t\t<div class=\"elementor-element elementor-element-14f674c e-con-full e-flex e-con e-child\" data-id=\"14f674c\" data-element_type=\"container\">\n\t\t\t\t<div class=\"elementor-element elementor-element-a6bf9be elementor-invisible elementor-widget elementor-widget-heading\" data-id=\"a6bf9be\" data-element_type=\"widget\" data-settings=\"{&quot;_animation&quot;:&quot;fadeInDown&quot;}\" data-widget_type=\"heading.default\">\n\t\t\t\t<div class=\"elementor-widget-container\">\n\t\t\t\t\t<h1 class=\"elementor-heading-title elementor-size-default\">Recording Studio<\/h1>\t\t\t\t<\/div>\n\t\t\t\t<\/div>\n\t\t\t\t<div class=\"elementor-element elementor-element-f435a49 elementor-widget elementor-widget-text-editor\" data-id=\"f435a49\" data-element_type=\"widget\" data-widget_type=\"text-editor.default\">\n\t\t\t\t<div class=\"elementor-widget-container\">\n\t\t\t\t\t\t\t\t\t<p data-start=\"30\" data-end=\"263\">Write your voice in history! \ud83c\udfb6 Fidan Hajiyeva Recording Studio offers you high-quality recording, mixing and mastering services. With professional equipment and perfect acoustics, your music will come to life with its finest details.<\/p><p data-start=\"265\" data-end=\"420\">Whether you&#039;re a soloist or an orchestra, we turn every sound into an unforgettable melody. Perfect your music with us before you take the stage!<\/p><p data-start=\"422\" data-end=\"484\" data-is-last-node=\"\" data-is-only-node=\"\">\ud83d\udccd <strong data-start=\"425\" data-end=\"480\">Contact us and make your voice known to the world!<\/strong> \ud83c\udfbc\u2728<\/p>\t\t\t\t\t\t\t\t<\/div>\n\t\t\t\t<\/div>\n\t\t\t\t<div class=\"elementor-element elementor-element-23a29ee elementor-align-justify elementor-widget elementor-widget-button\" data-id=\"23a29ee\" data-element_type=\"widget\" data-widget_type=\"button.default\">\n\t\t\t\t<div class=\"elementor-widget-container\">\n\t\t\t\t\t\t\t\t\t<div class=\"elementor-button-wrapper\">\n\t\t\t\t\t<a class=\"elementor-button elementor-button-link elementor-size-sm elementor-animation-grow\" href=\"#elementor-action%3Aaction%3Dpopup%3Aopen%26settings%3DeyJpZCI6IjI3NSIsInRvZ2dsZSI6ZmFsc2V9\">\n\t\t\t\t\t\t<span class=\"elementor-button-content-wrapper\">\n\t\t\t\t\t\t\t\t\t<span class=\"elementor-button-text\">Contact<\/span>\n\t\t\t\t\t<\/span>\n\t\t\t\t\t<\/a>\n\t\t\t\t<\/div>\n\t\t\t\t\t\t\t\t<\/div>\n\t\t\t\t<\/div>\n\t\t\t\t<\/div>\n\t\t<div class=\"elementor-element elementor-element-7b6f4b8 e-con-full e-flex e-con e-child\" data-id=\"7b6f4b8\" data-element_type=\"container\">\n\t\t\t\t<div class=\"elementor-element elementor-element-d7850dc elementor-widget elementor-widget-video\" data-id=\"d7850dc\" data-element_type=\"widget\" data-settings=\"{&quot;video_type&quot;:&quot;hosted&quot;,&quot;autoplay&quot;:&quot;yes&quot;,&quot;play_on_mobile&quot;:&quot;yes&quot;,&quot;mute&quot;:&quot;yes&quot;,&quot;loop&quot;:&quot;yes&quot;}\" data-widget_type=\"video.default\">\n\t\t\t\t<div class=\"elementor-widget-container\">\n\t\t\t\t\t\t\t<div class=\"e-hosted-video elementor-wrapper elementor-open-inline\">\n\t\t\t\t\t<video class=\"elementor-video\" src=\"https:\/\/musiqimektebi.az\/wp-content\/uploads\/2025\/03\/C_hhIDpoGPA.mp4\" autoplay=\"\" loop=\"\" muted=\"muted\" playsinline=\"\" controlslist=\"nodownload\"><\/video>\n\t\t\t\t<\/div>\n\t\t\t\t\t\t<\/div>\n\t\t\t\t<\/div>\n\t\t\t\t<\/div>\n\t\t\t\t<\/div>\n\t\t\t\t\t<\/div>\n\t\t\t\t<\/div>\n\t\t\t\t<\/div>","protected":false},"excerpt":{"rendered":"<p>Recording Studio Write your voice in history! \ud83c\udfb6 Fidan Hajiyeva Recording Studio offers you high-quality recording, mixing and mastering services. With professional equipment and perfect acoustics, your music will come to life with the finest details. Whether you are a solo performer or an orchestra - we turn every sound into an unforgettable melody. Perfect your music with us before going on stage! \ud83d\udccd [\u2026]<\/p>","protected":false},"author":1,"featured_media":0,"parent":0,"menu_order":0,"comment_status":"closed","ping_status":"closed","template":"elementor_header_footer","meta":{"_acf_changed":false,"footnotes":""},"class_list":["post-114","page","type-page","status-publish","hentry"],"acf":[],"yoast_head":"<!-- This site is optimized with the Yoast SEO plugin v24.8.1 - https:\/\/yoast.com\/wordpress\/plugins\/seo\/ -->\n<title>S\u0259syazma Studiyas\u0131 - Fidan Hac\u0131yeva&#039;n\u0131n Vokal Musiqi M\u0259kt\u0259bi<\/title>\n<meta name=\"robots\" content=\"index, follow, max-snippet:-1, max-image-preview:large, max-video-preview:-1\" \/>\n<link rel=\"canonical\" href=\"https:\/\/musiqimektebi.az\/en\/s\u0259-recording-studio\/\" \/>\n<meta property=\"og:locale\" content=\"en_GB\" \/>\n<meta property=\"og:type\" content=\"article\" \/>\n<meta property=\"og:title\" content=\"S\u0259syazma Studiyas\u0131 - Fidan Hac\u0131yeva&#039;n\u0131n Vokal Musiqi M\u0259kt\u0259bi\" \/>\n<meta property=\"og:description\" content=\"S\u0259syazma Studiyas\u0131 S\u0259sinizi tarix\u0259 yaz\u0131n! \ud83c\udfb6 Fidan Hac\u0131yeva S\u0259syazma Studiyas\u0131 siz\u0259 y\u00fcks\u0259k keyfiyy\u0259tli s\u0259syazma, mix v\u0259 masterinq xidm\u0259tl\u0259ri t\u0259qdim edir. Pe\u015f\u0259kar avadanl\u0131qlar v\u0259 m\u00fck\u0259mm\u0259l akustika il\u0259 burada musiqiniz \u0259n inc\u0259 detallar\u0131 il\u0259 canlanacaq. \u0130st\u0259r solo ifa\u00e7\u0131, ist\u0259rs\u0259 d\u0259 orkestr olun \u2013 biz h\u0259r bir s\u0259si unudulmaz melodiyaya \u00e7eviririk. S\u0259hn\u0259y\u0259 \u00e7\u0131xmazdan \u0259vv\u0259l musiqinizi biziml\u0259 m\u00fck\u0259mm\u0259ll\u0259\u015fdirin! \ud83d\udccd [&hellip;]\" \/>\n<meta property=\"og:url\" content=\"https:\/\/musiqimektebi.az\/en\/s\u0259-recording-studio\/\" \/>\n<meta property=\"og:site_name\" content=\"Fidan Hac\u0131yeva&#039;n\u0131n Vokal Musiqi M\u0259kt\u0259bi\" \/>\n<meta property=\"article:modified_time\" content=\"2025-03-13T14:39:30+00:00\" \/>\n<meta name=\"twitter:card\" content=\"summary_large_image\" \/>\n<meta name=\"twitter:label1\" content=\"Estimated reading time\" \/>\n\t<meta name=\"twitter:data1\" content=\"1 minute\" \/>\n<script type=\"application\/ld+json\" class=\"yoast-schema-graph\">{\"@context\":\"https:\/\/schema.org\",\"@graph\":[{\"@type\":\"WebPage\",\"@id\":\"https:\/\/musiqimektebi.az\/s%c9%99syazma-studiyasi\/\",\"url\":\"https:\/\/musiqimektebi.az\/s%c9%99syazma-studiyasi\/\",\"name\":\"S\u0259syazma Studiyas\u0131 - Fidan Hac\u0131yeva&#039;n\u0131n Vokal Musiqi M\u0259kt\u0259bi\",\"isPartOf\":{\"@id\":\"https:\/\/musiqimektebi.az\/#website\"},\"datePublished\":\"2025-03-12T17:32:46+00:00\",\"dateModified\":\"2025-03-13T14:39:30+00:00\",\"breadcrumb\":{\"@id\":\"https:\/\/musiqimektebi.az\/s%c9%99syazma-studiyasi\/#breadcrumb\"},\"inLanguage\":\"en-GB\",\"potentialAction\":[{\"@type\":\"ReadAction\",\"target\":[\"https:\/\/musiqimektebi.az\/s%c9%99syazma-studiyasi\/\"]}]},{\"@type\":\"BreadcrumbList\",\"@id\":\"https:\/\/musiqimektebi.az\/s%c9%99syazma-studiyasi\/#breadcrumb\",\"itemListElement\":[{\"@type\":\"ListItem\",\"position\":1,\"name\":\"Home\",\"item\":\"https:\/\/musiqimektebi.az\/\"},{\"@type\":\"ListItem\",\"position\":2,\"name\":\"S\u0259syazma Studiyas\u0131\"}]},{\"@type\":\"WebSite\",\"@id\":\"https:\/\/musiqimektebi.az\/#website\",\"url\":\"https:\/\/musiqimektebi.az\/\",\"name\":\"Fidan Hac\u0131yeva'n\u0131n Vokal Musiqi M\u0259kt\u0259bi\",\"description\":\"\",\"publisher\":{\"@id\":\"https:\/\/musiqimektebi.az\/#organization\"},\"potentialAction\":[{\"@type\":\"SearchAction\",\"target\":{\"@type\":\"EntryPoint\",\"urlTemplate\":\"https:\/\/musiqimektebi.az\/?s={search_term_string}\"},\"query-input\":{\"@type\":\"PropertyValueSpecification\",\"valueRequired\":true,\"valueName\":\"search_term_string\"}}],\"inLanguage\":\"en-GB\"},{\"@type\":\"Organization\",\"@id\":\"https:\/\/musiqimektebi.az\/#organization\",\"name\":\"Fidan Hac\u0131yeva'n\u0131n Vokal Musiqi M\u0259kt\u0259bi\",\"url\":\"https:\/\/musiqimektebi.az\/\",\"logo\":{\"@type\":\"ImageObject\",\"inLanguage\":\"en-GB\",\"@id\":\"https:\/\/musiqimektebi.az\/#\/schema\/logo\/image\/\",\"url\":\"https:\/\/musiqimektebi.az\/wp-content\/uploads\/2025\/03\/cropped-pngwing.com_.png\",\"contentUrl\":\"https:\/\/musiqimektebi.az\/wp-content\/uploads\/2025\/03\/cropped-pngwing.com_.png\",\"width\":512,\"height\":512,\"caption\":\"Fidan Hac\u0131yeva'n\u0131n Vokal Musiqi M\u0259kt\u0259bi\"},\"image\":{\"@id\":\"https:\/\/musiqimektebi.az\/#\/schema\/logo\/image\/\"}}]}<\/script>\n<!-- \/ Yoast SEO plugin. -->","yoast_head_json":{"title":"S\u0259syazma Studiyas\u0131 - Fidan Hac\u0131yeva&#039;n\u0131n Vokal Musiqi M\u0259kt\u0259bi","robots":{"index":"index","follow":"follow","max-snippet":"max-snippet:-1","max-image-preview":"max-image-preview:large","max-video-preview":"max-video-preview:-1"},"canonical":"https:\/\/musiqimektebi.az\/en\/s\u0259-recording-studio\/","og_locale":"en_GB","og_type":"article","og_title":"S\u0259syazma Studiyas\u0131 - Fidan Hac\u0131yeva&#039;n\u0131n Vokal Musiqi M\u0259kt\u0259bi","og_description":"S\u0259syazma Studiyas\u0131 S\u0259sinizi tarix\u0259 yaz\u0131n! \ud83c\udfb6 Fidan Hac\u0131yeva S\u0259syazma Studiyas\u0131 siz\u0259 y\u00fcks\u0259k keyfiyy\u0259tli s\u0259syazma, mix v\u0259 masterinq xidm\u0259tl\u0259ri t\u0259qdim edir. Pe\u015f\u0259kar avadanl\u0131qlar v\u0259 m\u00fck\u0259mm\u0259l akustika il\u0259 burada musiqiniz \u0259n inc\u0259 detallar\u0131 il\u0259 canlanacaq. \u0130st\u0259r solo ifa\u00e7\u0131, ist\u0259rs\u0259 d\u0259 orkestr olun \u2013 biz h\u0259r bir s\u0259si unudulmaz melodiyaya \u00e7eviririk. S\u0259hn\u0259y\u0259 \u00e7\u0131xmazdan \u0259vv\u0259l musiqinizi biziml\u0259 m\u00fck\u0259mm\u0259ll\u0259\u015fdirin! \ud83d\udccd [&hellip;]","og_url":"https:\/\/musiqimektebi.az\/en\/s\u0259-recording-studio\/","og_site_name":"Fidan Hac\u0131yeva&#039;n\u0131n Vokal Musiqi M\u0259kt\u0259bi","article_modified_time":"2025-03-13T14:39:30+00:00","twitter_card":"summary_large_image","twitter_misc":{"Estimated reading time":"1 minute"},"schema":{"@context":"https:\/\/schema.org","@graph":[{"@type":"WebPage","@id":"https:\/\/musiqimektebi.az\/s%c9%99syazma-studiyasi\/","url":"https:\/\/musiqimektebi.az\/s%c9%99syazma-studiyasi\/","name":"S\u0259syazma Studiyas\u0131 - Fidan Hac\u0131yeva&#039;n\u0131n Vokal Musiqi M\u0259kt\u0259bi","isPartOf":{"@id":"https:\/\/musiqimektebi.az\/#website"},"datePublished":"2025-03-12T17:32:46+00:00","dateModified":"2025-03-13T14:39:30+00:00","breadcrumb":{"@id":"https:\/\/musiqimektebi.az\/s%c9%99syazma-studiyasi\/#breadcrumb"},"inLanguage":"en-GB","potentialAction":[{"@type":"ReadAction","target":["https:\/\/musiqimektebi.az\/s%c9%99syazma-studiyasi\/"]}]},{"@type":"BreadcrumbList","@id":"https:\/\/musiqimektebi.az\/s%c9%99syazma-studiyasi\/#breadcrumb","itemListElement":[{"@type":"ListItem","position":1,"name":"Home","item":"https:\/\/musiqimektebi.az\/"},{"@type":"ListItem","position":2,"name":"S\u0259syazma Studiyas\u0131"}]},{"@type":"WebSite","@id":"https:\/\/musiqimektebi.az\/#website","url":"https:\/\/musiqimektebi.az\/","name":"Fidan Hac\u0131yeva'n\u0131n Vokal Musiqi M\u0259kt\u0259bi","description":"","publisher":{"@id":"https:\/\/musiqimektebi.az\/#organization"},"potentialAction":[{"@type":"SearchAction","target":{"@type":"EntryPoint","urlTemplate":"https:\/\/musiqimektebi.az\/?s={search_term_string}"},"query-input":{"@type":"PropertyValueSpecification","valueRequired":true,"valueName":"search_term_string"}}],"inLanguage":"en-GB"},{"@type":"Organization","@id":"https:\/\/musiqimektebi.az\/#organization","name":"Fidan Hac\u0131yeva'n\u0131n Vokal Musiqi M\u0259kt\u0259bi","url":"https:\/\/musiqimektebi.az\/","logo":{"@type":"ImageObject","inLanguage":"en-GB","@id":"https:\/\/musiqimektebi.az\/#\/schema\/logo\/image\/","url":"https:\/\/musiqimektebi.az\/wp-content\/uploads\/2025\/03\/cropped-pngwing.com_.png","contentUrl":"https:\/\/musiqimektebi.az\/wp-content\/uploads\/2025\/03\/cropped-pngwing.com_.png","width":512,"height":512,"caption":"Fidan Hac\u0131yeva'n\u0131n Vokal Musiqi M\u0259kt\u0259bi"},"image":{"@id":"https:\/\/musiqimektebi.az\/#\/schema\/logo\/image\/"}}]}},"_links":{"self":[{"href":"https:\/\/musiqimektebi.az\/en\/wp-json\/wp\/v2\/pages\/114","targetHints":{"allow":["GET"]}}],"collection":[{"href":"https:\/\/musiqimektebi.az\/en\/wp-json\/wp\/v2\/pages"}],"about":[{"href":"https:\/\/musiqimektebi.az\/en\/wp-json\/wp\/v2\/types\/page"}],"author":[{"embeddable":true,"href":"https:\/\/musiqimektebi.az\/en\/wp-json\/wp\/v2\/users\/1"}],"replies":[{"embeddable":true,"href":"https:\/\/musiqimektebi.az\/en\/wp-json\/wp\/v2\/comments?post=114"}],"version-history":[{"count":34,"href":"https:\/\/musiqimektebi.az\/en\/wp-json\/wp\/v2\/pages\/114\/revisions"}],"predecessor-version":[{"id":287,"href":"https:\/\/musiqimektebi.az\/en\/wp-json\/wp\/v2\/pages\/114\/revisions\/287"}],"wp:attachment":[{"href":"https:\/\/musiqimektebi.az\/en\/wp-json\/wp\/v2\/media?parent=114"}],"curies":[{"name":"wp","href":"https:\/\/api.w.org\/{rel}","templated":true}]}}