{"id":118,"date":"2025-03-12T17:33:11","date_gmt":"2025-03-12T17:33:11","guid":{"rendered":"https:\/\/musiqimektebi.az\/?page_id=118"},"modified":"2025-03-17T08:56:18","modified_gmt":"2025-03-17T08:56:18","slug":"haqqimizda","status":"publish","type":"page","link":"http:\/\/musiqimektebi.az\/en\/about-us\/","title":{"rendered":"About us"},"content":{"rendered":"<div data-elementor-type=\"wp-page\" data-elementor-id=\"118\" class=\"elementor elementor-118\" data-elementor-post-type=\"page\">\n\t\t\t\t<div class=\"elementor-element elementor-element-37d1be0 e-flex e-con-boxed e-con e-parent\" data-id=\"37d1be0\" data-element_type=\"container\" data-settings=\"{&quot;background_background&quot;:&quot;classic&quot;}\">\n\t\t\t\t\t<div class=\"e-con-inner\">\n\t\t<div class=\"elementor-element elementor-element-52b326a e-con-full e-flex e-con e-child\" data-id=\"52b326a\" data-element_type=\"container\">\n\t\t\t\t<div class=\"elementor-element elementor-element-aa7173c elementor-invisible elementor-widget elementor-widget-heading\" data-id=\"aa7173c\" data-element_type=\"widget\" data-settings=\"{&quot;_animation&quot;:&quot;fadeInDown&quot;}\" data-widget_type=\"heading.default\">\n\t\t\t\t<div class=\"elementor-widget-container\">\n\t\t\t\t\t<h1 class=\"elementor-heading-title elementor-size-default\">About us<\/h1>\t\t\t\t<\/div>\n\t\t\t\t<\/div>\n\t\t\t\t<div class=\"elementor-element elementor-element-ac1bc9e elementor-widget elementor-widget-text-editor\" data-id=\"ac1bc9e\" data-element_type=\"widget\" data-widget_type=\"text-editor.default\">\n\t\t\t\t<div class=\"elementor-widget-container\">\n\t\t\t\t\t\t\t\t\t<p data-start=\"21\" data-end=\"294\">Fidan Hajiyeva Music Academy operates with the aim of bringing the love of art, music and culture to the world. Fidan Hajiyeva, who has been a professional artist since 1996, founded this school to pass on her art and knowledge to new generations.<\/p><p data-start=\"296\" data-end=\"561\">Our school provides the highest level of education in opera, vocal art, music theory and performance. With our studios equipped with the latest technology and our experienced teaching staff, we aim to bring out the talent of each of our students.<\/p><p data-start=\"563\" data-end=\"800\">Fidan Hajiyeva Music School also collaborates with renowned artists on the local and international stages, doing its best to train the best musicians. We teach each of our students excellence and professionalism in the art.<\/p><p data-start=\"802\" data-end=\"905\" data-is-last-node=\"\" data-is-only-node=\"\">\ud83d\udccd <strong data-start=\"805\" data-end=\"901\">Make a new beginning in the world of music with us and take your art to the highest level!<\/strong> \ud83c\udfb6\u2728<\/p>\t\t\t\t\t\t\t\t<\/div>\n\t\t\t\t<\/div>\n\t\t\t\t<\/div>\n\t\t<div class=\"elementor-element elementor-element-d18524b e-con-full e-flex e-con e-child\" data-id=\"d18524b\" data-element_type=\"container\">\n\t\t\t\t<div class=\"elementor-element elementor-element-de74c45 elementor-arrows-position-inside elementor-pagination-position-outside elementor-widget elementor-widget-image-carousel\" data-id=\"de74c45\" data-element_type=\"widget\" data-settings=\"{&quot;slides_to_show&quot;:&quot;1&quot;,&quot;navigation&quot;:&quot;both&quot;,&quot;autoplay&quot;:&quot;yes&quot;,&quot;pause_on_hover&quot;:&quot;yes&quot;,&quot;pause_on_interaction&quot;:&quot;yes&quot;,&quot;autoplay_speed&quot;:5000,&quot;infinite&quot;:&quot;yes&quot;,&quot;effect&quot;:&quot;slide&quot;,&quot;speed&quot;:500}\" data-widget_type=\"image-carousel.default\">\n\t\t\t\t<div class=\"elementor-widget-container\">\n\t\t\t\t\t\t\t<div class=\"elementor-image-carousel-wrapper swiper\" role=\"region\" aria-roledescription=\"carousel\" aria-label=\"Image Carousel\" dir=\"ltr\">\n\t\t\t<div class=\"elementor-image-carousel swiper-wrapper\" aria-live=\"off\">\n\t\t\t\t\t\t\t\t<div class=\"swiper-slide\" role=\"group\" aria-roledescription=\"slide\" aria-label=\"1 of 2\" data-no-translation-aria-label=\"\"><figure class=\"swiper-slide-inner\"><img decoding=\"async\" class=\"swiper-slide-image\" src=\"https:\/\/musiqimektebi.az\/wp-content\/uploads\/2025\/03\/BKhysBGB37p.jpg\" alt=\"BKhysBGB37p\" \/><\/figure><\/div><div class=\"swiper-slide\" role=\"group\" aria-roledescription=\"slide\" aria-label=\"2 of 2\" data-no-translation-aria-label=\"\"><figure class=\"swiper-slide-inner\"><img decoding=\"async\" class=\"swiper-slide-image\" src=\"https:\/\/musiqimektebi.az\/wp-content\/uploads\/2025\/03\/BKnRut5hdTa.jpg\" alt=\"BKnRut5hdTa\" \/><\/figure><\/div>\t\t\t<\/div>\n\t\t\t\t\t\t\t\t\t\t\t\t<div class=\"elementor-swiper-button elementor-swiper-button-prev\" role=\"button\" tabindex=\"0\">\n\t\t\t\t\t\t<svg aria-hidden=\"true\" class=\"e-font-icon-svg e-eicon-chevron-left\" viewbox=\"0 0 1000 1000\" xmlns=\"http:\/\/www.w3.org\/2000\/svg\"><path d=\"M646 125C629 125 613 133 604 142L308 442C296 454 292 471 292 487 292 504 296 521 308 533L604 854C617 867 629 875 646 875 663 875 679 871 692 858 704 846 713 829 713 812 713 796 708 779 692 767L438 487 692 225C700 217 708 204 708 187 708 171 704 154 692 142 675 129 663 125 646 125Z\"><\/path><\/svg>\t\t\t\t\t<\/div>\n\t\t\t\t\t<div class=\"elementor-swiper-button elementor-swiper-button-next\" role=\"button\" tabindex=\"0\">\n\t\t\t\t\t\t<svg aria-hidden=\"true\" class=\"e-font-icon-svg e-eicon-chevron-right\" viewbox=\"0 0 1000 1000\" xmlns=\"http:\/\/www.w3.org\/2000\/svg\"><path d=\"M696 533C708 521 713 504 713 487 713 471 708 454 696 446L400 146C388 133 375 125 354 125 338 125 325 129 313 142 300 154 292 171 292 187 292 204 296 221 308 233L563 492 304 771C292 783 288 800 288 817 288 833 296 850 308 863 321 871 338 875 354 875 371 875 388 867 400 854L696 533Z\"><\/path><\/svg>\t\t\t\t\t<\/div>\n\t\t\t\t\n\t\t\t\t\t\t\t\t\t<div class=\"swiper-pagination\"><\/div>\n\t\t\t\t\t\t\t\t\t<\/div>\n\t\t\t\t\t\t<\/div>\n\t\t\t\t<\/div>\n\t\t\t\t<\/div>\n\t\t\t\t\t<\/div>\n\t\t\t\t<\/div>\n\t\t<div class=\"elementor-element elementor-element-f2de89c e-con-full e-flex e-con e-parent\" data-id=\"f2de89c\" data-element_type=\"container\" data-settings=\"{&quot;background_background&quot;:&quot;classic&quot;}\">\n\t\t\t\t<div class=\"elementor-element elementor-element-be7eb8d elementor-invisible elementor-widget elementor-widget-heading\" data-id=\"be7eb8d\" data-element_type=\"widget\" data-settings=\"{&quot;_animation&quot;:&quot;fadeInDown&quot;}\" data-widget_type=\"heading.default\">\n\t\t\t\t<div class=\"elementor-widget-container\">\n\t\t\t\t\t<h1 class=\"elementor-heading-title elementor-size-default\">360\u00b0 Virtual Tour of Fidan Hajiyeva Academy<\/h1>\t\t\t\t<\/div>\n\t\t\t\t<\/div>\n\t\t\t\t<div class=\"elementor-element elementor-element-dbc89f1 elementor-widget__width-initial elementor-widget elementor-widget-html\" data-id=\"dbc89f1\" data-element_type=\"widget\" data-widget_type=\"html.default\">\n\t\t\t\t<div class=\"elementor-widget-container\">\n\t\t\t\t\t<div style=\"position:relative;overflow:hidden;\"><a href=\"https:\/\/yandex.com.tr\/harita\/org\/fidan_haciyevanin_vokal_musiqi_m_kt_bi\/73926507150\/?utm_medium=mapframe&utm_source=maps\" style=\"color:#eee;font-size:12px;position:absolute;top:0px;\">Fidan Hajiyeva&#039;s vocal music school<\/a><a href=\"https:\/\/yandex.com.tr\/harita\/10253\/baku\/category\/music_school\/184105912\/?utm_medium=mapframe&utm_source=maps\" style=\"color:#eee;font-size:12px;position:absolute;top:14px;\">Music school in Baku<\/a><a href=\"https:\/\/yandex.com.tr\/harita\/10253\/baku\/category\/music_club\/780928338\/?utm_medium=mapframe&utm_source=maps\" style=\"color:#eee;font-size:12px;position:absolute;top:28px;\">Music club in Baku<\/a><iframe src=\"https:\/\/yandex.com.tr\/map-widget\/v1\/?display-text=fidan%20haciyevan%C4%B1n%20vokal%20musiqi%20m%C9%99kt%C9%99bi&ll=49.847317%2C40.378411&mode=search&oid=73926507150&ol=biz&panorama%5Bdirection%5D=80.236869%2C-10.581046&panorama%5Bfull%5D=true&panorama%5Bpoint%5D=49.847432%2C40.378399&panorama%5Bspan%5D=122.174652%2C60.000000&sctx=ZAAAAAgBEAAaKAoSCWu7Cb5p%2BjxAEQIMy59vgURAEhIJS3hCrz%2FJ9D8RsI9OXfms4T8iBgABAgMEBSgKOABAsKoGSAFqAnRynQHNzEw9oAEAqAEAvQG8GW8OwgEGjvXzspMCggIpZmlkYW4gaGFjaXlldmFuxLFuIHZva2FsIG11c2lxaSBtyZlrdMmZYmmKAgCSAgCaAgxkZXNrdG9wLW1hcHM%3D&sll=49.847317%2C40.378411&sspn=1.299133%2C0.557677&text=fidan%20haciyevan%C4%B1n%20vokal%20musiqi%20m%C9%99kt%C9%99bi&z=10\" width=\"560\" height=\"400\" frameborder=\"1\" allowfullscreen=\"true\" style=\"position:relative;\"><\/iframe><\/div>\t\t\t\t<\/div>\n\t\t\t\t<\/div>\n\t\t\t\t<\/div>\n\t\t\t\t<\/div>","protected":false},"excerpt":{"rendered":"<p>About Us Fidan Hajiyeva Music Academy operates with the aim of bringing the love of art, music and culture to the world. Fidan Hajiyeva, who has been a professional artist since 1996, founded this school to pass on her art and knowledge to new generations. Our school provides the highest level of education in the fields of opera, vocal art, music theory and performance. Equipped with the latest technologies [\u2026]<\/p>","protected":false},"author":1,"featured_media":0,"parent":0,"menu_order":0,"comment_status":"closed","ping_status":"closed","template":"elementor_header_footer","meta":{"_acf_changed":false,"footnotes":""},"class_list":["post-118","page","type-page","status-publish","hentry"],"acf":[],"yoast_head":"<!-- This site is optimized with the Yoast SEO plugin v24.8.1 - https:\/\/yoast.com\/wordpress\/plugins\/seo\/ -->\n<title>Haqq\u0131m\u0131zda - Fidan Hac\u0131yeva&#039;n\u0131n Vokal Musiqi M\u0259kt\u0259bi<\/title>\n<meta name=\"robots\" content=\"index, follow, max-snippet:-1, max-image-preview:large, max-video-preview:-1\" \/>\n<link rel=\"canonical\" href=\"https:\/\/musiqimektebi.az\/en\/about-us\/\" \/>\n<meta property=\"og:locale\" content=\"en_GB\" \/>\n<meta property=\"og:type\" content=\"article\" \/>\n<meta property=\"og:title\" content=\"Haqq\u0131m\u0131zda - Fidan Hac\u0131yeva&#039;n\u0131n Vokal Musiqi M\u0259kt\u0259bi\" \/>\n<meta property=\"og:description\" content=\"Haqq\u0131m\u0131zda Fidan Hac\u0131yeva Musiqi Akademiyas\u0131 s\u0259n\u0259t\u0259, musiqiy\u0259 v\u0259 m\u0259d\u0259niyy\u0259t\u0259 olan sevgini d\u00fcnyaya \u00e7atd\u0131rmaq m\u0259qs\u0259di il\u0259 f\u0259aliyy\u0259t g\u00f6st\u0259rir. 1996-c\u0131 ild\u0259n b\u0259ri pe\u015f\u0259kar s\u0259n\u0259t\u00e7i olaraq tan\u0131nan Fidan Hac\u0131yeva, bu m\u0259kt\u0259bi \u00f6z s\u0259n\u0259tini v\u0259 bilikl\u0259rini yeni n\u0259sill\u0259r\u0259 \u00f6t\u00fcrm\u0259k \u00fc\u00e7\u00fcn qurmu\u015fdur. Bizim m\u0259kt\u0259bimiz opera, vokal s\u0259n\u0259ti, musiqi n\u0259z\u0259riyy\u0259si v\u0259 ifa\u00e7\u0131l\u0131q sah\u0259l\u0259rind\u0259 \u0259n y\u00fcks\u0259k s\u0259viyy\u0259d\u0259 t\u0259hsil verir. \u018fn son texnologiyalarla [&hellip;]\" \/>\n<meta property=\"og:url\" content=\"https:\/\/musiqimektebi.az\/en\/about-us\/\" \/>\n<meta property=\"og:site_name\" content=\"Fidan Hac\u0131yeva&#039;n\u0131n Vokal Musiqi M\u0259kt\u0259bi\" \/>\n<meta property=\"article:modified_time\" content=\"2025-03-17T08:56:18+00:00\" \/>\n<meta property=\"og:image\" content=\"https:\/\/musiqimektebi.az\/wp-content\/uploads\/2025\/03\/BKhysBGB37p.jpg\" \/>\n<meta name=\"twitter:card\" content=\"summary_large_image\" \/>\n<meta name=\"twitter:label1\" content=\"Estimated reading time\" \/>\n\t<meta name=\"twitter:data1\" content=\"1 minute\" \/>\n<script type=\"application\/ld+json\" class=\"yoast-schema-graph\">{\"@context\":\"https:\/\/schema.org\",\"@graph\":[{\"@type\":\"WebPage\",\"@id\":\"https:\/\/musiqimektebi.az\/haqqimizda\/\",\"url\":\"https:\/\/musiqimektebi.az\/haqqimizda\/\",\"name\":\"Haqq\u0131m\u0131zda - Fidan Hac\u0131yeva&#039;n\u0131n Vokal Musiqi M\u0259kt\u0259bi\",\"isPartOf\":{\"@id\":\"https:\/\/musiqimektebi.az\/#website\"},\"primaryImageOfPage\":{\"@id\":\"https:\/\/musiqimektebi.az\/haqqimizda\/#primaryimage\"},\"image\":{\"@id\":\"https:\/\/musiqimektebi.az\/haqqimizda\/#primaryimage\"},\"thumbnailUrl\":\"https:\/\/musiqimektebi.az\/wp-content\/uploads\/2025\/03\/BKhysBGB37p.jpg\",\"datePublished\":\"2025-03-12T17:33:11+00:00\",\"dateModified\":\"2025-03-17T08:56:18+00:00\",\"breadcrumb\":{\"@id\":\"https:\/\/musiqimektebi.az\/haqqimizda\/#breadcrumb\"},\"inLanguage\":\"en-GB\",\"potentialAction\":[{\"@type\":\"ReadAction\",\"target\":[\"https:\/\/musiqimektebi.az\/haqqimizda\/\"]}]},{\"@type\":\"ImageObject\",\"inLanguage\":\"en-GB\",\"@id\":\"https:\/\/musiqimektebi.az\/haqqimizda\/#primaryimage\",\"url\":\"https:\/\/musiqimektebi.az\/wp-content\/uploads\/2025\/03\/BKhysBGB37p.jpg\",\"contentUrl\":\"https:\/\/musiqimektebi.az\/wp-content\/uploads\/2025\/03\/BKhysBGB37p.jpg\"},{\"@type\":\"BreadcrumbList\",\"@id\":\"https:\/\/musiqimektebi.az\/haqqimizda\/#breadcrumb\",\"itemListElement\":[{\"@type\":\"ListItem\",\"position\":1,\"name\":\"Home\",\"item\":\"https:\/\/musiqimektebi.az\/\"},{\"@type\":\"ListItem\",\"position\":2,\"name\":\"Haqq\u0131m\u0131zda\"}]},{\"@type\":\"WebSite\",\"@id\":\"https:\/\/musiqimektebi.az\/#website\",\"url\":\"https:\/\/musiqimektebi.az\/\",\"name\":\"Fidan Hac\u0131yeva'n\u0131n Vokal Musiqi M\u0259kt\u0259bi\",\"description\":\"\",\"publisher\":{\"@id\":\"https:\/\/musiqimektebi.az\/#organization\"},\"potentialAction\":[{\"@type\":\"SearchAction\",\"target\":{\"@type\":\"EntryPoint\",\"urlTemplate\":\"https:\/\/musiqimektebi.az\/?s={search_term_string}\"},\"query-input\":{\"@type\":\"PropertyValueSpecification\",\"valueRequired\":true,\"valueName\":\"search_term_string\"}}],\"inLanguage\":\"en-GB\"},{\"@type\":\"Organization\",\"@id\":\"https:\/\/musiqimektebi.az\/#organization\",\"name\":\"Fidan Hac\u0131yeva'n\u0131n Vokal Musiqi M\u0259kt\u0259bi\",\"url\":\"https:\/\/musiqimektebi.az\/\",\"logo\":{\"@type\":\"ImageObject\",\"inLanguage\":\"en-GB\",\"@id\":\"https:\/\/musiqimektebi.az\/#\/schema\/logo\/image\/\",\"url\":\"https:\/\/musiqimektebi.az\/wp-content\/uploads\/2025\/03\/cropped-pngwing.com_.png\",\"contentUrl\":\"https:\/\/musiqimektebi.az\/wp-content\/uploads\/2025\/03\/cropped-pngwing.com_.png\",\"width\":512,\"height\":512,\"caption\":\"Fidan Hac\u0131yeva'n\u0131n Vokal Musiqi M\u0259kt\u0259bi\"},\"image\":{\"@id\":\"https:\/\/musiqimektebi.az\/#\/schema\/logo\/image\/\"}}]}<\/script>\n<!-- \/ Yoast SEO plugin. -->","yoast_head_json":{"title":"Haqq\u0131m\u0131zda - Fidan Hac\u0131yeva&#039;n\u0131n Vokal Musiqi M\u0259kt\u0259bi","robots":{"index":"index","follow":"follow","max-snippet":"max-snippet:-1","max-image-preview":"max-image-preview:large","max-video-preview":"max-video-preview:-1"},"canonical":"https:\/\/musiqimektebi.az\/en\/about-us\/","og_locale":"en_GB","og_type":"article","og_title":"Haqq\u0131m\u0131zda - Fidan Hac\u0131yeva&#039;n\u0131n Vokal Musiqi M\u0259kt\u0259bi","og_description":"Haqq\u0131m\u0131zda Fidan Hac\u0131yeva Musiqi Akademiyas\u0131 s\u0259n\u0259t\u0259, musiqiy\u0259 v\u0259 m\u0259d\u0259niyy\u0259t\u0259 olan sevgini d\u00fcnyaya \u00e7atd\u0131rmaq m\u0259qs\u0259di il\u0259 f\u0259aliyy\u0259t g\u00f6st\u0259rir. 1996-c\u0131 ild\u0259n b\u0259ri pe\u015f\u0259kar s\u0259n\u0259t\u00e7i olaraq tan\u0131nan Fidan Hac\u0131yeva, bu m\u0259kt\u0259bi \u00f6z s\u0259n\u0259tini v\u0259 bilikl\u0259rini yeni n\u0259sill\u0259r\u0259 \u00f6t\u00fcrm\u0259k \u00fc\u00e7\u00fcn qurmu\u015fdur. Bizim m\u0259kt\u0259bimiz opera, vokal s\u0259n\u0259ti, musiqi n\u0259z\u0259riyy\u0259si v\u0259 ifa\u00e7\u0131l\u0131q sah\u0259l\u0259rind\u0259 \u0259n y\u00fcks\u0259k s\u0259viyy\u0259d\u0259 t\u0259hsil verir. \u018fn son texnologiyalarla [&hellip;]","og_url":"https:\/\/musiqimektebi.az\/en\/about-us\/","og_site_name":"Fidan Hac\u0131yeva&#039;n\u0131n Vokal Musiqi M\u0259kt\u0259bi","article_modified_time":"2025-03-17T08:56:18+00:00","og_image":[{"url":"https:\/\/musiqimektebi.az\/wp-content\/uploads\/2025\/03\/BKhysBGB37p.jpg","type":"","width":"","height":""}],"twitter_card":"summary_large_image","twitter_misc":{"Estimated reading time":"1 minute"},"schema":{"@context":"https:\/\/schema.org","@graph":[{"@type":"WebPage","@id":"https:\/\/musiqimektebi.az\/haqqimizda\/","url":"https:\/\/musiqimektebi.az\/haqqimizda\/","name":"Haqq\u0131m\u0131zda - Fidan Hac\u0131yeva&#039;n\u0131n Vokal Musiqi M\u0259kt\u0259bi","isPartOf":{"@id":"https:\/\/musiqimektebi.az\/#website"},"primaryImageOfPage":{"@id":"https:\/\/musiqimektebi.az\/haqqimizda\/#primaryimage"},"image":{"@id":"https:\/\/musiqimektebi.az\/haqqimizda\/#primaryimage"},"thumbnailUrl":"https:\/\/musiqimektebi.az\/wp-content\/uploads\/2025\/03\/BKhysBGB37p.jpg","datePublished":"2025-03-12T17:33:11+00:00","dateModified":"2025-03-17T08:56:18+00:00","breadcrumb":{"@id":"https:\/\/musiqimektebi.az\/haqqimizda\/#breadcrumb"},"inLanguage":"en-GB","potentialAction":[{"@type":"ReadAction","target":["https:\/\/musiqimektebi.az\/haqqimizda\/"]}]},{"@type":"ImageObject","inLanguage":"en-GB","@id":"https:\/\/musiqimektebi.az\/haqqimizda\/#primaryimage","url":"https:\/\/musiqimektebi.az\/wp-content\/uploads\/2025\/03\/BKhysBGB37p.jpg","contentUrl":"https:\/\/musiqimektebi.az\/wp-content\/uploads\/2025\/03\/BKhysBGB37p.jpg"},{"@type":"BreadcrumbList","@id":"https:\/\/musiqimektebi.az\/haqqimizda\/#breadcrumb","itemListElement":[{"@type":"ListItem","position":1,"name":"Home","item":"https:\/\/musiqimektebi.az\/"},{"@type":"ListItem","position":2,"name":"Haqq\u0131m\u0131zda"}]},{"@type":"WebSite","@id":"https:\/\/musiqimektebi.az\/#website","url":"https:\/\/musiqimektebi.az\/","name":"Fidan Hac\u0131yeva'n\u0131n Vokal Musiqi M\u0259kt\u0259bi","description":"","publisher":{"@id":"https:\/\/musiqimektebi.az\/#organization"},"potentialAction":[{"@type":"SearchAction","target":{"@type":"EntryPoint","urlTemplate":"https:\/\/musiqimektebi.az\/?s={search_term_string}"},"query-input":{"@type":"PropertyValueSpecification","valueRequired":true,"valueName":"search_term_string"}}],"inLanguage":"en-GB"},{"@type":"Organization","@id":"https:\/\/musiqimektebi.az\/#organization","name":"Fidan Hac\u0131yeva'n\u0131n Vokal Musiqi M\u0259kt\u0259bi","url":"https:\/\/musiqimektebi.az\/","logo":{"@type":"ImageObject","inLanguage":"en-GB","@id":"https:\/\/musiqimektebi.az\/#\/schema\/logo\/image\/","url":"https:\/\/musiqimektebi.az\/wp-content\/uploads\/2025\/03\/cropped-pngwing.com_.png","contentUrl":"https:\/\/musiqimektebi.az\/wp-content\/uploads\/2025\/03\/cropped-pngwing.com_.png","width":512,"height":512,"caption":"Fidan Hac\u0131yeva'n\u0131n Vokal Musiqi M\u0259kt\u0259bi"},"image":{"@id":"https:\/\/musiqimektebi.az\/#\/schema\/logo\/image\/"}}]}},"_links":{"self":[{"href":"http:\/\/musiqimektebi.az\/en\/wp-json\/wp\/v2\/pages\/118","targetHints":{"allow":["GET"]}}],"collection":[{"href":"http:\/\/musiqimektebi.az\/en\/wp-json\/wp\/v2\/pages"}],"about":[{"href":"http:\/\/musiqimektebi.az\/en\/wp-json\/wp\/v2\/types\/page"}],"author":[{"embeddable":true,"href":"http:\/\/musiqimektebi.az\/en\/wp-json\/wp\/v2\/users\/1"}],"replies":[{"embeddable":true,"href":"http:\/\/musiqimektebi.az\/en\/wp-json\/wp\/v2\/comments?post=118"}],"version-history":[{"count":28,"href":"http:\/\/musiqimektebi.az\/en\/wp-json\/wp\/v2\/pages\/118\/revisions"}],"predecessor-version":[{"id":340,"href":"http:\/\/musiqimektebi.az\/en\/wp-json\/wp\/v2\/pages\/118\/revisions\/340"}],"wp:attachment":[{"href":"http:\/\/musiqimektebi.az\/en\/wp-json\/wp\/v2\/media?parent=118"}],"curies":[{"name":"wp","href":"https:\/\/api.w.org\/{rel}","templated":true}]}}